{"id":1054,"date":"2013-03-30T14:24:37","date_gmt":"2013-03-30T13:24:37","guid":{"rendered":"http:\/\/orient.scuderiagrischa.ch\/wordpress\/?page_id=1054"},"modified":"2013-10-03T07:44:16","modified_gmt":"2013-10-03T05:44:16","slug":"willkommen","status":"publish","type":"page","link":"https:\/\/orient.scuderiagrischa.ch\/wordpress\/","title":{"rendered":"Willkommen"},"content":{"rendered":"<h2>auf der Allg\u00e4u-Orient-Rallye Seite der ScuderiaGrischa<\/h2>\n<p>&nbsp;<\/p>\n<p>Die B\u00f6cke der ScuderiaGrischa sind als <strong>Team 96<\/strong> am\u00a0<strong>Samstag, 27.04.2013 in Oberstaufen, Allg\u00e4u<\/strong> in Richtung Jordanien losgefahren.<\/p>\n<p>Inzwischen sind alle wieder heil und voller Eindr\u00fccke zuhause angekommen. Herzlichen Dank f\u00fcr alle Kommentare und Feedback!<\/p>\n<p><span style=\"font-size: large;\"><strong>Der Filme &#8220;Scuderia Grischa goes Orient&#8221; ist nun verf\u00fcgbar!<br \/>\n<\/strong><\/span><\/p>\n<p>75 Minuten Action, Spannung und Spass mit der Scuderiagrischa beim grossen AOR 3013 Abendkeuer.<\/p>\n<div style=\"width: 640px;\" class=\"wp-video\"><!--[if lt IE 9]><script>document.createElement('video');<\/script><![endif]-->\n<video class=\"wp-video-shortcode\" id=\"video-1054-1\" width=\"640\" height=\"360\" preload=\"metadata\" controls=\"controls\"><source type=\"video\/mp4\" src=\"http:\/\/orient.scuderiagrischa.ch\/Orient_Film.mp4?_=1\" \/><a href=\"http:\/\/orient.scuderiagrischa.ch\/Orient_Film.mp4\">http:\/\/orient.scuderiagrischa.ch\/Orient_Film.mp4<\/a><\/video><\/div>\n<p>&nbsp;<\/p>\n<p>Hier unsere Erlebnisse findet ihr unter <strong>&#8220;<span style=\"font-size: large;\"><a title=\"Der Reisebericht\" href=\"http:\/\/orient.scuderiagrischa.ch\/wordpress\/?page_id=672\">Der Reisebericht<\/a><\/span>&#8220;<\/strong><\/p>\n<p><strong>Live Track der ScuderiaGRischa<\/strong> (ab Start der Rallye):<br \/>\n<iframe loading=\"lazy\" src=\"http:\/\/www.gps-live-tracking.com\/allgaeu-orient-2013\/team\/?teamID=96&amp;zoom=5&amp;centerLat=47.100045&amp;centerLon=32.958984\" height=\"480\" width=\"640\"><\/iframe><\/p>\n<p>Link zum Tracking\u00a0 der ScuderiaGRischa in <a title=\"ScuderiaGRischa (Team 96)\" href=\"http:\/\/www.gps-live-tracking.com\/allgaeu-orient-2013\/team\/?teamID=96&amp;zoom=5&amp;centerLat=47.100045&amp;centerLon=32.958984 \" target=\"_blank\">neuem Fenster<\/a><\/p>\n<p>Link zum Tracking\u00a0 aller Teilnehmer: <a href=\"http:\/\/www.gps-live-tracking.com\/aor-2013 \" target=\"_blank\">www.gps-live-tracking.com\/aor-2013<\/a><\/p>\n<p>Die Regeln sind einfach:<\/p>\n<ol>\n<li>Jedes Team w\u00e4hlt sich seinen eigenen Weg, GPS und Autobahn sind tabu<\/li>\n<li>Unterwegs werden Aufgaben erf\u00fcllt, humanit\u00e4re Hilfe geleistet, am Schluss alles (inkl. Auto&#8217;s) gespendet<\/li>\n<li>Um das Budget nicht zu strapzieren darf die Unterkunft maximal \u20ac 11.11 kosten<\/li>\n<li>mehr gibt&#8217;s <a title=\"Konzept der Rallye und Regeln\" href=\"http:\/\/orient.scuderiagrischa.ch\/wordpress\/?page_id=743\">hier zu den Regeln<\/a><\/li>\n<\/ol>\n<p>Wir sind ger\u00fcstet und bereit f\u00fcr das Abendheuer:<\/p>\n<p><a href=\"http:\/\/orient.scuderiagrischa.ch\/wordpress\/wp-content\/uploads\/2013\/03\/_mg_6516.jpg\"><img loading=\"lazy\" class=\"size-large wp-image-1078 alignnone\" alt=\"_mg_6516\" src=\"http:\/\/orient.scuderiagrischa.ch\/wordpress\/wp-content\/uploads\/2013\/03\/_mg_6516-1024x682.jpg\" width=\"636\" height=\"423\" srcset=\"https:\/\/orient.scuderiagrischa.ch\/wordpress\/wp-content\/uploads\/2013\/03\/_mg_6516-1024x682.jpg 1024w, https:\/\/orient.scuderiagrischa.ch\/wordpress\/wp-content\/uploads\/2013\/03\/_mg_6516-300x200.jpg 300w\" sizes=\"(max-width: 636px) 100vw, 636px\" \/><\/a><\/p>\n<p>&nbsp;<\/p>\n<p>Hier noch die Teampr\u00e4sentation (mit Deutscher \u00dcbersetzung):<\/p>\n<p><object id=\"Object1\" width=\"640\" height=\"480\" classid=\"clsid:d27cdb6e-ae6d-11cf-96b8-444553540000\" codebase=\"http:\/\/download.macromedia.com\/pub\/shockwave\/cabs\/flash\/swflash.cab#version=6,0,40,0\"><param name=\"wmode\" value=\"opaque\" \/><param name=\"allowScriptAccess\" value=\"sameDomain\" \/><param name=\"quality\" value=\"high\" \/><param name=\"menu\" value=\"true\" \/><param name=\"autoplay\" value=\"false\" \/><param name=\"autoload\" value=\"false\" \/><param name=\"FlashVars\" value=\"flv=http:\/\/orient.scuderiagrischa.ch\/wordpress\/wp-content\/uploads\/2013\/04\/Team-96-ScuderiaGrischa.V0.8.flv&amp;width=640&amp;height=480&amp;autoplay=0&amp;autoload=0&amp;buffer=5&amp;playercolor=000000 &amp;loadingcolor=9b9a9a&amp;buttoncolor=ffffff&amp;slidercolor=ffffff\" \/><param name=\"src\" value=\"http:\/\/orient.scuderiagrischa.ch\/wordpress\/wp-content\/uploads\/2013\/04\/player_flv_mini1.swf\" \/><param name=\"allowscriptaccess\" value=\"sameDomain\" \/><param name=\"flashvars\" value=\"flv=http:\/\/orient.scuderiagrischa.ch\/wordpress\/wp-content\/uploads\/2013\/04\/Team-96-ScuderiaGrischa.V0.8.flv&amp;width=640&amp;height=480&amp;autoplay=0&amp;autoload=0&amp;buffer=5&amp;playercolor=000000 &amp;loadingcolor=9b9a9a&amp;buttoncolor=ffffff&amp;slidercolor=ffffff\" \/><embed id=\"Object1\" width=\"640\" height=\"480\" type=\"application\/x-shockwave-flash\" src=\"http:\/\/orient.scuderiagrischa.ch\/wordpress\/wp-content\/uploads\/2013\/04\/player_flv_mini1.swf\" wmode=\"opaque\" allowScriptAccess=\"sameDomain\" quality=\"high\" menu=\"true\" autoplay=\"false\" autoload=\"false\" FlashVars=\"flv=http:\/\/orient.scuderiagrischa.ch\/wordpress\/wp-content\/uploads\/2013\/04\/Team-96-ScuderiaGrischa.V0.8.flv&amp;width=640&amp;height=480&amp;autoplay=0&amp;autoload=0&amp;buffer=5&amp;playercolor=000000 &amp;loadingcolor=9b9a9a&amp;buttoncolor=ffffff&amp;slidercolor=ffffff\" allowscriptaccess=\"sameDomain\" flashvars=\"flv=http:\/\/orient.scuderiagrischa.ch\/wordpress\/wp-content\/uploads\/2013\/04\/Team-96-ScuderiaGrischa.V0.8.flv&amp;width=640&amp;height=480&amp;autoplay=0&amp;autoload=0&amp;buffer=5&amp;playercolor=000000 &amp;loadingcolor=9b9a9a&amp;buttoncolor=ffffff&amp;slidercolor=ffffff\" \/><\/object><\/p>\n<div class=\"fcbkbttn_buttons_block\" id=\"fcbkbttn_left\"><div class=\"fcbkbttn_like \"><fb:like href=\"https:\/\/orient.scuderiagrischa.ch\/wordpress\/\" action=\"like\" colorscheme=\"light\" layout=\"button_count\"  size=\"small\"><\/fb:like><\/div><\/div>","protected":false},"excerpt":{"rendered":"<p>auf der Allg\u00e4u-Orient-Rallye Seite der ScuderiaGrischa &nbsp; Die B\u00f6cke der ScuderiaGrischa sind als Team 96 am\u00a0Samstag, 27.04.2013 in Oberstaufen, Allg\u00e4u in Richtung Jordanien losgefahren. Inzwischen sind alle wieder heil und voller Eindr\u00fccke zuhause angekommen. Herzlichen Dank f\u00fcr alle Kommentare und Feedback! Der Filme &#8220;Scuderia Grischa goes Orient&#8221; ist nun verf\u00fcgbar! 75 Minuten Action, Spannung und &hellip; <a class=\"read-excerpt\" href=\"https:\/\/orient.scuderiagrischa.ch\/wordpress\/\">Weiterlesen <span class=\"meta-nav\">&raquo;<\/span><\/a><\/p>\n","protected":false},"author":2,"featured_media":0,"parent":0,"menu_order":0,"comment_status":"open","ping_status":"open","template":"","meta":[],"_links":{"self":[{"href":"https:\/\/orient.scuderiagrischa.ch\/wordpress\/index.php?rest_route=\/wp\/v2\/pages\/1054"}],"collection":[{"href":"https:\/\/orient.scuderiagrischa.ch\/wordpress\/index.php?rest_route=\/wp\/v2\/pages"}],"about":[{"href":"https:\/\/orient.scuderiagrischa.ch\/wordpress\/index.php?rest_route=\/wp\/v2\/types\/page"}],"author":[{"embeddable":true,"href":"https:\/\/orient.scuderiagrischa.ch\/wordpress\/index.php?rest_route=\/wp\/v2\/users\/2"}],"replies":[{"embeddable":true,"href":"https:\/\/orient.scuderiagrischa.ch\/wordpress\/index.php?rest_route=%2Fwp%2Fv2%2Fcomments&post=1054"}],"version-history":[{"count":43,"href":"https:\/\/orient.scuderiagrischa.ch\/wordpress\/index.php?rest_route=\/wp\/v2\/pages\/1054\/revisions"}],"predecessor-version":[{"id":2184,"href":"https:\/\/orient.scuderiagrischa.ch\/wordpress\/index.php?rest_route=\/wp\/v2\/pages\/1054\/revisions\/2184"}],"wp:attachment":[{"href":"https:\/\/orient.scuderiagrischa.ch\/wordpress\/index.php?rest_route=%2Fwp%2Fv2%2Fmedia&parent=1054"}],"curies":[{"name":"wp","href":"https:\/\/api.w.org\/{rel}","templated":true}]}}