{"id":1194,"date":"2013-04-19T07:38:26","date_gmt":"2013-04-19T05:38:26","guid":{"rendered":"http:\/\/orient.scuderiagrischa.ch\/wordpress\/?page_id=1194"},"modified":"2013-04-19T07:39:01","modified_gmt":"2013-04-19T05:39:01","slug":"16-rundmail-an-rallyeteams-2013-wichtige-informationen-und-eckdaten","status":"publish","type":"page","link":"https:\/\/orient.scuderiagrischa.ch\/wordpress\/?page_id=1194","title":{"rendered":"16. Rundmail an Rallyeteams 2013 &#8211; Wichtige Informationen und Eckdaten"},"content":{"rendered":"<table style=\"width: 680px;\" border=\"0\" cellspacing=\"0\" cellpadding=\"0\">\n<tbody>\n<tr>\n<td><\/td>\n<td>\n<p align=\"right\">\n<\/td>\n<\/tr>\n<tr>\n<td colspan=\"2\">\u00a0<a href=\"http:\/\/orient.scuderiagrischa.ch\/wordpress\/wp-content\/uploads\/2012\/12\/allgaeu-orient-logo1.jpg\"><img loading=\"lazy\" class=\"alignleft size-full wp-image-611\" alt=\"allgaeu-orient logo\" src=\"http:\/\/orient.scuderiagrischa.ch\/wordpress\/wp-content\/uploads\/2012\/12\/allgaeu-orient-logo1.jpg\" width=\"700\" height=\"133\" srcset=\"https:\/\/orient.scuderiagrischa.ch\/wordpress\/wp-content\/uploads\/2012\/12\/allgaeu-orient-logo1.jpg 700w, https:\/\/orient.scuderiagrischa.ch\/wordpress\/wp-content\/uploads\/2012\/12\/allgaeu-orient-logo1-300x57.jpg 300w, https:\/\/orient.scuderiagrischa.ch\/wordpress\/wp-content\/uploads\/2012\/12\/allgaeu-orient-logo1-680x130.jpg 680w\" sizes=\"(max-width: 700px) 100vw, 700px\" \/><\/a><\/td>\n<\/tr>\n<\/tbody>\n<\/table>\n<p>&nbsp;<\/p>\n<table style=\"width: 680px;\" border=\"0\" cellspacing=\"0\" cellpadding=\"0\">\n<tbody>\n<tr>\n<td>\n<h1>Hallo zusammen,<\/h1>\n<p>nun geht es wirklich bald los und so langsam k\u00f6nnen wir Euch auch etwas gesicherte Informationen und Eckdaten geben.<br \/>\nTrotz der Weite der Strecken k\u00f6nnen wir Euch f\u00fcr den Bereich \u201evor F\u00e4hre\u201c recht sichere Eckdaten geben, wo Ihr an welchen Tagen am Abend etwa seid.<br \/>\nDies nat\u00fcrlich immer vorausgesetzt, dass mit Euren Fahrzeugen und so alles gut l\u00e4uft.<\/p>\n<p>1. Mai \u00a0 \u00a0(manche vielleicht schon einen Tag fr\u00fcher, manche (wenn Probleme auf der Strecke aufgetreten sind, vielleicht einen Tag sp\u00e4ter) ISTANBUL<br \/>\n2. Mai \u00a0 \u00a0ISTANBUL<br \/>\n3. Mai \u00a0 \u00a0Am Morgen ISTANBUL \u00a0 am Abend ANKARA<br \/>\n4. Mai \u00a0 \u00a0Corum<br \/>\n5. Mai \u00a0 \u00a0Amasya<br \/>\n6. Mai \u00a0 \u00a0Ordu<br \/>\n7. Mai \u00a0 \u00a0Kars<br \/>\n8. Mai \u00a0 \u00a0Karahan<br \/>\n9. Mai \u00a0 \u00a0Irgendwo zwischen Ararat und Kapadokien<br \/>\n10. Mai \u00a0Kapadokien<br \/>\n11. Mai \u00a0Kapadokien<br \/>\n12. Mai \u00a0Iskenderun \u00a0 Achtung: Die F\u00e4hre wird nicht die Bridge sondern wohl Nissos Rodos<br \/>\n13. Mai \u00a0 Eintreffen in Haifa<br \/>\n14. Mai \u00a0 Jerusalem, vielleicht Bethlehem<br \/>\n15. Mai \u00a0\u00dcberquerung der Grenze nahe Eilat nach Aqaba, Jordanien,<br \/>\n16. Mai \u00a0Aquaba<br \/>\n17. Mai \u00a0W\u00fcsten-Abschlussrallye im Wadi Rum. Abschlussparty<br \/>\n18. Mai \u00a0 fliegen die ersten schon zur\u00fcck!<\/p>\n<p>Die Sache in der T\u00fcrkei ist soweit fix. Wenn auf dem Weg Richtung Kars irgend was an Euren \u00a0Autos oder sonst was w\u00e4re, k\u00f6nnt Ihr abk\u00fcrzen, so dass Ihr auf jeden Fall den F\u00e4hrtermin am 12. Mai schafft.<\/p>\n<p>In Israel laufen noch Planungen, Abstimmungen und Sicherheitsdinge. Auch wenn wir ungern noch nicht hundert % sichere Dinge rauslassen, hier die Planungen, die vor dem Abschluss stehen:<\/p>\n<p>As the dates for your arrival in Israel are approaching quickly,<\/p>\n<p>We have to close the details for the days that group is going to be here.<\/p>\n<p>1. \u00a0 \u00a0 \u00a0From the port after you will get the cars, you will drive on to Hadassah Neorim. A welcome party will take place in the school with the kids .<\/p>\n<p>some of the kids have Completed their studies in Germany and we would like you to give them the Certificate. (the Studies are a joint project of the Aliat Hanoar \u00a0and Audi Co. in automotive mechanics)<\/p>\n<p>The welcome party will be divided to two. The first part will take place outdoor for the whole group and will include a tour in the village; some activities with the kids , greetings of the hosts<\/p>\n<p>And some refreshments, and the second part will be in the auditorium and will \u00a0include about a third\\half \u00a0of the group with the graduate kids their parents&#8217;and the presence of the Israeli Minister of Education and the German Ambassador in Israel.<\/p>\n<p>2. \u00a0 \u00a0 \u00a0From Hadassa Neorim you will continue your journey towards Jerusalem. And this is our suggestion:<\/p>\n<p>We found a large parking space that the municipality of Jerusalem will arrange for us to use on the \u00a013th of May.<\/p>\n<p>There is an option that you will spend the night in Jerusalem (in a youth center or maybe other place \u2013 we have to understand how is things are arrange with you concerning paying)<\/p>\n<p>and we will make a tour on the Walls of Jerusalem at night (Walking Tour)<\/p>\n<p>In the morning, we are checking the option to go into Bethlehem for a tour and from there we will continue towards the Dead Sea and will travel through the desert trails<\/p>\n<p>towards Mitzpe Ramon. We will spent the night in a Bedouin tent close to border crossing to Jordan, near Eilat.<\/p>\n<p>3. \u00a0 \u00a0 \u00a0In the morning you will cross the border to Jordan.<\/p>\n<p>Miki Yochay<\/p>\n<p><b>Leute, bitte nagelt uns hier nicht fest.<\/b><\/p>\n<p>Ihr seht aber, dass es sch\u00f6ne Dinge auf uns warten!!!<\/p>\n<h1>ABER EINE GANZ GROSSE BITTE AN ALLE:<\/h1>\n<p><b>BITTE SEHT DAS ALS MOMENTANE INFORMATION UND BREITET DIESE NICHT WIEDER FETT IN FACEBOOK AUS.<\/b><\/p>\n<p><b>FACEBOOK IST TOLL UND NETT, ABER EINIGE TEILNEHMER HABEN DADURCH, DASS SIE DEN ISRAEL- UND PALESINABEREICH MIT SPEKULATIONEN UND DUMMHEITEN WIE \u201eMITFAHRERANGEBOTE F\u00dcR UNBETEILIGTE\u201c IM SEHR OFFENEN BEREICH \u201eAUSGETRETEN\u201c HABEN, F\u00dcR UNS PROBLEME UND UNANNEHMLICHKEITEN BEREITET.<\/b><\/p>\n<p>LEUTE, ISRAEL UND PALESTINA IST NICHT WIE &#8220;KURZ NACH HOLLAND FAHREN&#8221; UND NICHT ALLE MENSCHEN SEHEN UNSER PROJEKT OHNE BEDENKEN. SCHLIESSLICH SIND WIR DIE ERSTE SPORTVERANSTALTUNG \u00dcBERHAUPT, DIE DAS SCHAFFEN WILL!<\/p>\n<p><span style=\"text-decoration: underline;\">Die Rallye und Eure Sicherheit hat absolute Priorit\u00e4t.<\/span><\/p>\n<p>Da k\u00f6nnen wir zun\u00e4chst keine R\u00fccksicht auf den Terminkalender eines Rotarierpr\u00e4sidenten nehmen und auch keine exakten Zeiten ver\u00f6ffentlichen \u201eweil ein Team eine Freundin in Jerusalem besuchen will&#8221;. Wenn das dann spontan trotzdem passt, ist es klasse.<\/p>\n<p>&#8230;Und bitte vertraut uns. Wir tun das Menschenm\u00f6gliche!<\/p>\n<p>Und bitte geht keine eigenen Wege und ruft nicht bei irgendwelchen kleinen Botschaftsleuten in Berlin an und fragt (wie geschehen!!!), ob es denn \u00fcberhaupt m\u00f6glich und sicher ist, dass wir \u00fcber eine Grenze von Palestina nach Jordanien nehmen k\u00f6nnen. Hier hat ein \u00fcbereifriger Teilnehmer n\u00e4mlich einen nicht involviertern Menschen gefragt und der hat wiederum auch einen nicht eingeweihten gefragt. Das war sehr kontraproduktiv.So ist es nun gekommen, dass wir den \u201enormalen\u201c Grenz\u00fcbergang in Elat nehmen m\u00fcssen und nicht ans Tote Meer in Jordanien kommen. Schade!<\/p>\n<p>(Da k\u00f6nnt Ihr vielleicht auf dem R\u00fcckweg nach der Rallye noch hin).<\/p>\n<p>Also bitte &#8211; Fragen zu Israel, Palestina wie \u201ekann man da frei fahren\u201c BITTE nicht im Facebook rumschmieren sondern direkt uns vom \u00a0OK anmailen, wenn es wirklich f\u00fcr Euch sooo wichtig ist.<\/p>\n<p>DANKE!!!<\/p>\n<h1>MUSIKINSTRUMENTE<\/h1>\n<p>Nachdem wir von niemandem von euch eine Meldung bekommen haben, dass Ihr KEIN Musikinstrument besorgen \u00a0konntet, gehen wir davon aus, dass JEDES Team ein Instrument mitbringt!<\/p>\n<h1>STARTNUMMERN-RALLYESCHILDER<\/h1>\n<p>Ihr bekommt ja bei der Einschreibung f\u00fcr jedes Rallyefahrzeug f\u00fcr vorne und hinten ein offizielles Rallye-Teilnehmerschild, das angebracht werden MUSS.<\/p>\n<p>Diese Rallyeschilder aus Kunststoff sind leider begehrte Souveniers. Sie werden manchmal geklaut. Das w\u00e4re schade, denn f\u00fcr jeden Teilnehmer ist das Rallyeschild mit dem Schmutz der Strecke immer eine sch\u00f6ne Erinnerung. \u00a0Deshalb hat sich in den vergangen Jahren bew\u00e4hrt, wenn Teams spezielle stabile Halter f\u00fcr die Schilder vorbereitet und schon am Auto hatten. Die Form und Ma\u00dfe findet Ihr am Anhang als PDF!<\/p>\n<p>Last not least hier noch was GAAANZ Wichtiges:<\/p>\n<h1>DOKUMENTE F\u00dcR ISRAEL<\/h1>\n<p>Wenn Ihr Eure Dokumente noch nicht gemailt habt, wird\u2019s jetzt h\u00f6chste Zeit (es wird n\u00e4mlich langsam knapp mit dem Termin\u2026). Bitte alles als m\u00f6glichst farbigen Scan an:<\/p>\n<p><a href=\"mailto:rally@tiran.co.il\">rally@tiran.co.il<\/a>\u00a0und in cc an <a href=\"mailto:dokumente@besser-autofahren.de\">dokumente@besser-autofahren.de<\/a>\u00a0und <a href=\"mailto:sakher_sfouq@yahoo.com\">sakher_sfouq@yahoo.com<\/a>.<\/p>\n<p>Wenn m\u00f6glich nicht nur Mails mit weniger als 12 MB Gr\u00f6\u00dfe verschicken, sondern pro Team auch nur eine Mail. Es macht sehr viel M\u00fche, sich die Angaben aus mehreren Mails zusammenzusuchen.<\/p>\n<p>Wer seine Dokumente erst nach der Deadline (20.04.13 \/ 24:00h) liefert, kommt nicht nach Israel rein (die freundliche Rallyeleitung w\u00fcrde ja vielleicht noch ein Auge zudr\u00fccken, aber die Ansagen der Israelischen Beh\u00f6rden sind definitiv). Und ohne Israel kein Jordanien\u2026 Oder m\u00f6chte jemand durch Syrien oder den Irak fahren?<\/p>\n<p>Und dann br\u00e4uchten wir ich noch von jedem Team die Ansage (bitte auch per Mail an <a href=\"mailto:dokumente@besser-autofahren.de\">dokumente@besser-autofahren.de<\/a>\u00a0):<\/p>\n<p>Auto 1 (Kennzeichen): Fahrer (=Halter) \/ Beifahrer<br \/>\nAuto 2 (Kennzeichen): Fahrer (=Halter) \/ Beifahrer<br \/>\nAuto 3 (Kennzeichen): Fahrer (=Halter) \/ Beifahrer<\/p>\n<p>Also jeweils das Kennzeichen und die beiden Namen in der o.a. Reihenfolge. Und wieder mit der Teamnummer im Betreff.<\/p>\n<p>Sofern das aus Euren bisherigen Zusendungen hervorgeht, haben wir das schon zugeordnet \u2013 dann braucht Ihr das nicht nochmal \u00a0zu senden.<\/p>\n<p>Zumindest an den Grenzen von Israel m\u00fcsst Ihr dann auch so in den Autos sitzen, unterwegs d\u00fcrfen Fahrer und Beifahrer wohl auch mal tauschen.<\/p>\n<p>Wir wissen, dass das Extra-Arbeit beschert \u2013 uns ja auch.<\/p>\n<p>Geht aber nicht anders. \u00a0Bitte habt Verst\u00e4ndnis und macht es!!!!<\/p>\n<p>So weit, so gut.<\/p>\n<p>Wir freuen uns auf Euch zur Einschreibung am 26. und zum Start am 27. April in Oberstaufen!<\/p>\n<p>Lasst Eure Autos wenigstens bis dahin heil.<\/p>\n<p>Wilfried &amp; das OK<\/p>\n<p>Ach,\u00a0noch was: \u00a0Bitte informiert schon Eure \u00f6rtlichen Radio- und Fernsehsender:<\/p>\n<h1>RALLYESONG<\/h1>\n<p>DIE ALLG\u00c4U-ORIENT-RALLYE WAR JA SCHON IMMER ENG MIT MUSIK VERBUNDEN. MUSIKAUFGABEN, AUSSTATTUNG VON MUSIKSCHULEN UND PARTNER VON &#8220;NIGHTS OF THE PROMS&#8221;.<\/p>\n<p>DASS WIR 2011 DEN NIGHTS OF THE PROMS STARS BOY GEORGE, MILES DAVIS UND CLIFF RICHARDS KEINEN PROMIBONUS GEGEBEN HABEN, HAT ZWAR DEN PARTNER GE\u00c4RGERT, ABER DAS RALLYE-R\u00dcCKGRAT GEST\u00c4RKT.<\/p>\n<p><b>NUN HAT DIE ALLG\u00c4U-ORIENT-RALLYE ZUSPRUCH VON EINER AUFSTREBENDEN STIMMUNGS- UND VOLKSMUSIKGRUPPE BEKOMMEN.\u00a0<\/b><\/p>\n<p>DIE &#8220;SCHNEEH\u00dcHNER&#8221;, DIE NORMALERWEISE ZUSAMMEN MIT ANDREA BERG, ANDI BORG, ROBERTO BLANCO BEI CARMEN NEBEL UND ANDEREN VOLKSMUSIKSENDUNGEN UND IN DER VOLKSMUSIKSZENE AUFTRETEN HABEN EXTRA F\u00dcR DIE ALLG\u00c4U-ORIENT-RALLYE EINEN SONG GESCHRIEBEN.<\/p>\n<p><b>&#8220;WIR SIND ABENTEUER&#8221;<\/b> IST DER TITEL.<\/p>\n<p>DAS MITSING- UND MITMACH- STIMMUNGSLIED HANDELT VON DEN ABENTEUERN UND TR\u00c4UMEN DER ALLG\u00c4U-ORIENT-RALLYE UND DEN FREUNDEN IN DEN FERNEN L\u00c4NDERN, DIE STETS WINKEN.<\/p>\n<p><b>DER SONG HAT DAS ZEUG ZUM WIESEN- UND FASCHINGSHIT IN DEN KOMMENDEN JAHREN.<\/b><\/p>\n<p>DIE SINGLE-CD ERSCHEINT P\u00dcNKTLICH ZUM RALLYESTART AM 27. APRIL 2013 (f\u00fcr Euch Vorshow am 26.!!!)<\/p>\n<p>FREUT EUCH DRAUF!!!<\/td>\n<\/tr>\n<\/tbody>\n<\/table>\n<div class=\"fcbkbttn_buttons_block\" id=\"fcbkbttn_left\"><div class=\"fcbkbttn_like \"><fb:like href=\"https:\/\/orient.scuderiagrischa.ch\/wordpress\/?page_id=1194\" action=\"like\" colorscheme=\"light\" layout=\"button_count\"  size=\"small\"><\/fb:like><\/div><\/div>","protected":false},"excerpt":{"rendered":"<p>\u00a0 &nbsp; Hallo zusammen, nun geht es wirklich bald los und so langsam k\u00f6nnen wir Euch auch etwas gesicherte Informationen und Eckdaten geben. Trotz der Weite der Strecken k\u00f6nnen wir Euch f\u00fcr den Bereich \u201evor F\u00e4hre\u201c recht sichere Eckdaten geben, wo Ihr an welchen Tagen am Abend etwa seid. Dies nat\u00fcrlich immer vorausgesetzt, dass mit &hellip; <a class=\"read-excerpt\" href=\"https:\/\/orient.scuderiagrischa.ch\/wordpress\/?page_id=1194\">Weiterlesen <span class=\"meta-nav\">&raquo;<\/span><\/a><\/p>\n","protected":false},"author":1,"featured_media":0,"parent":18,"menu_order":17,"comment_status":"closed","ping_status":"closed","template":"","meta":[],"_links":{"self":[{"href":"https:\/\/orient.scuderiagrischa.ch\/wordpress\/index.php?rest_route=\/wp\/v2\/pages\/1194"}],"collection":[{"href":"https:\/\/orient.scuderiagrischa.ch\/wordpress\/index.php?rest_route=\/wp\/v2\/pages"}],"about":[{"href":"https:\/\/orient.scuderiagrischa.ch\/wordpress\/index.php?rest_route=\/wp\/v2\/types\/page"}],"author":[{"embeddable":true,"href":"https:\/\/orient.scuderiagrischa.ch\/wordpress\/index.php?rest_route=\/wp\/v2\/users\/1"}],"replies":[{"embeddable":true,"href":"https:\/\/orient.scuderiagrischa.ch\/wordpress\/index.php?rest_route=%2Fwp%2Fv2%2Fcomments&post=1194"}],"version-history":[{"count":2,"href":"https:\/\/orient.scuderiagrischa.ch\/wordpress\/index.php?rest_route=\/wp\/v2\/pages\/1194\/revisions"}],"predecessor-version":[{"id":1196,"href":"https:\/\/orient.scuderiagrischa.ch\/wordpress\/index.php?rest_route=\/wp\/v2\/pages\/1194\/revisions\/1196"}],"up":[{"embeddable":true,"href":"https:\/\/orient.scuderiagrischa.ch\/wordpress\/index.php?rest_route=\/wp\/v2\/pages\/18"}],"wp:attachment":[{"href":"https:\/\/orient.scuderiagrischa.ch\/wordpress\/index.php?rest_route=%2Fwp%2Fv2%2Fmedia&parent=1194"}],"curies":[{"name":"wp","href":"https:\/\/api.w.org\/{rel}","templated":true}]}}