{"id":1223,"date":"2013-04-23T18:39:44","date_gmt":"2013-04-23T16:39:44","guid":{"rendered":"http:\/\/orient.scuderiagrischa.ch\/wordpress\/?page_id=1223"},"modified":"2013-04-23T18:40:23","modified_gmt":"2013-04-23T16:40:23","slug":"17-rundmail-an-rallyeteams-2013-die-vielleicht-letzte-rundmail-vor-dem-start","status":"publish","type":"page","link":"https:\/\/orient.scuderiagrischa.ch\/wordpress\/?page_id=1223","title":{"rendered":"17. Rundmail an Rallyeteams 2013 &#8211; Die vielleicht letzte Rundmail vor dem Start"},"content":{"rendered":"<div align=\"center\">\n<table style=\"width: 700px;\" border=\"0\" cellspacing=\"0\" cellpadding=\"0\">\n<tbody>\n<tr>\n<td width=\"10\"><\/td>\n<td valign=\"top\">\n<table style=\"width: 680px;\" border=\"0\" cellspacing=\"0\" cellpadding=\"0\">\n<tbody>\n<tr>\n<td colspan=\"2\">\u00a0<a href=\"http:\/\/orient.scuderiagrischa.ch\/wordpress\/wp-content\/uploads\/2012\/12\/allgaeu-orient-logo1.jpg\"><img loading=\"lazy\" class=\"alignleft size-full wp-image-611\" alt=\"allgaeu-orient logo\" src=\"http:\/\/orient.scuderiagrischa.ch\/wordpress\/wp-content\/uploads\/2012\/12\/allgaeu-orient-logo1.jpg\" width=\"700\" height=\"133\" srcset=\"https:\/\/orient.scuderiagrischa.ch\/wordpress\/wp-content\/uploads\/2012\/12\/allgaeu-orient-logo1.jpg 700w, https:\/\/orient.scuderiagrischa.ch\/wordpress\/wp-content\/uploads\/2012\/12\/allgaeu-orient-logo1-300x57.jpg 300w, https:\/\/orient.scuderiagrischa.ch\/wordpress\/wp-content\/uploads\/2012\/12\/allgaeu-orient-logo1-680x130.jpg 680w\" sizes=\"(max-width: 700px) 100vw, 700px\" \/><\/a><\/td>\n<\/tr>\n<\/tbody>\n<\/table>\n<p>&nbsp;<\/p>\n<table style=\"width: 680px;\" border=\"0\" cellspacing=\"0\" cellpadding=\"0\">\n<tbody>\n<tr>\n<td>\n<h1>Hallo zusammen,<\/h1>\n<p>nun lassen sich schon die Stunden z\u00e4hlen, zu Eurem und unserem gro\u00dfen Abenteuer.<\/p>\n<p>Die Medienresonanz ist so gro\u00df wie nie zuvor.<br \/>\nEs l\u00e4uft alles nach Plan und wir haben von allen Seiten fantastische Unterst\u00fctzung.<br \/>\nUnglaublich was in unseren Gastl\u00e4ndern an Vorbereitungen l\u00e4uft.<\/p>\n<p>Trotzdem haben wir f\u00fcr zuerst ein paar \u00e4rgerliche, bzw. negative Meldungen:<\/p>\n<p><b>1.) Israelischer Hafen will \u201eInfrastruktur-Charge\u201c<\/b><\/p>\n<p>Keiner in Israel hat je dar\u00fcber gesprochen oder sowas angedeutet, doch gestern kam diese mail:<\/p>\n<p>Good day all,<br \/>\n&#8230;Israel is chargingfor the Cars an Infrastructure charge (port of the port charges) for each car up to 1.4 tons NIS 600 (some usd 160) and from 1.4 till 4 tons NIS 1200 (some usd 320).<br \/>\n&#8230;.This charge with the port it would help if you can also use your channels from the Ambassy.<br \/>\nI am sorry this was not informed to you earlier.<\/p>\n<p>Best regards<br \/>\nDavid Behrisch<\/p>\n<p>Wir alle sind \u00fcber dieses \u201eNachkarteln\u201c \u00fcberrascht. Der DAVID kann auch nichts daf\u00fcr. Wir werden verhandeln, dass diese Charge erlassen oder reduziert wird. Wir wissen aber noch nicht, wie es ausgeht. Besser, wir informieren Euch, damit Ihr Euch darauf einstellen k\u00f6nnt!<\/p>\n<p>Damit deshalb das Loch in Eurem Rallyebudget nicht zu gro\u00df wird, hat die T\u00fcrkei sofort reagiert und ein \u201eBonbon\u201c gegeben: Eure \u00dcbernachtung in ANKARA ist jetzt kostenlos. Auch f\u00fcr die letzte Hafen\u00fcbernachtung in der T\u00fcrkei am Strand muss jetzt nichts bezahlt werden. \u00a0te\u015fekk\u00fcr ederim Nadir, te\u015fekk\u00fcr ederim Egeman Baresh, te\u015fekk\u00fcr ederim Turkye.<\/p>\n<p><b>2. Teamabsagen<\/b><\/p>\n<p>Obwohl wir wirklich davon \u00fcberzeugt sind, dass die Israel-Palestina-Jordanien Etappe zu den spannendsten, aber auch sicheren Streckenabschnitten der Rallye geh\u00f6rt, haben leider weitere Teams wegen dieser Etappe abgesagt.<\/p>\n<p>Schade, dass die bis dieser Tage Pl\u00e4tze f\u00fcr andere interessierte Teams weggenommen haben und erst jetzt gemerkt haben, dass sie nicht Allg\u00e4u-Orient-Rallye tauglich sind.<\/p>\n<p>So, das war jetzt das Negative. Wenn wir noch weiter machen d\u00fcrfen kommen nun die letzen Vorstartinfos:<\/p>\n<h1>Einschreibung<\/h1>\n<p>Die Einschreibung erfolgt im Rallyeb\u00fcro im Kurhaus Oberstaufen am Freitag, 26. Mai 2013 von 15:00 Uhr bis 21:00 Uhr.<br \/>\nNachz\u00fcgler k\u00f6nnen am Samstag von 7:00 h bis 7:30 h noch melden, wenn sie es vorher angek\u00fcndigt haben.<br \/>\nEs reicht, wenn wenigstens ein Teammitglied die Einschreibung macht.<\/p>\n<p>Bei der Einschreibung bekommt Ihr<\/p>\n<p>&#8211; f\u00fcr jedes Auto 2 Rallyestartnummern f\u00fcr vorne und hinten<br \/>\n&#8211; wenn Ihr sie noch nicht geholt habt, die T\u00fcraufkleber f\u00fcr Fahrer- und Beifahrert\u00fcr-<br \/>\n&#8211; zus\u00e4tzliche Aufkleber der T\u00fcrkei (dort hinkleben, wo es am Besten aussieht, einen Hirschkleber, einen der Alpe Moor Kleber (beide f\u00fcr die Frontscheibe oder Heckscheibe) \u00a0und eventuell noch weitere Aufkleber. Bitte klebt die auch auf Eure Autos.<br \/>\n&#8211; Ausweise am KONZ-B\u00e4ndchen. Bitte diese Ausweise tragen, denn daf\u00fcr gibt es Fr\u00fchst\u00fcck und Eintritt frei. Die Ausweise sind in diesem Jahr nicht \u201epersonifiziert\u201c, weil uns 2013 der Computer (bzw. der C-Bediener) die Namen durcheinander geworfen hat. Bitte also die Ausweise gleich sch\u00f6n ausf\u00fcllen.<br \/>\n&#8211; Produkte f\u00fcr Sonderaufgaben bei der Rallye<\/p>\n<h1>Parken\/Campen<\/h1>\n<p>Die Marktgemeinde Oberstaufen hat f\u00fcr Euch jeweils die westliche Stra\u00dfenseite der ARGENSTRASSE (vom Kurhaus bis zur Tennishalle) den FESTPLATZ bei der Tennishalle und den SCHLOSSWIESWEG (sofern dieser nicht durch Kanalarbeiten belegt ist) als Parkplatz vom Freitag, 26.04. 2013 zur Verf\u00fcgung gestellt<\/p>\n<p>Auf dem Platz bei der Tennishalle kann auch gecampt werden. (Jetzt m\u00fcssten wir die ganzen Genehmigungsbedingungen auff\u00fchren &#8211; aber Ihr wisst schon, was sich in Sachen Sauberkeit, Krach und Hinterlassenschaften geh\u00f6rt).<br \/>\nBitte nur diese ausgewiesenen Parkpl\u00e4tze nutzen und bitte NICHT auf dem Platz und der Stra\u00dfe vor dem Kurhaus und vor dem Hotel Lindner parken &#8211; BITTE!<\/p>\n<p>Diese Durchfahrt kann aber von Euch als \u201eFlanier und Showstra\u00dfe\u201c zum Durchfahren (flie\u00dfender Verkehr) genutzt werden. (vielleicht gibt es von der Gemeinde bald noch eine PDF des Start- und Parkbereiches zum runterladen)<\/p>\n<h1>Vorstartparty<\/h1>\n<p>Die lockere Vorstartparty im Kurhaus beginnt um 20:00 Uhr. Gegen 22:00 erfolgt die Weltpremiere EURES Rallyeliedes \u201eWir sind Abenteuer\u201c mit den\u00a0\u201eSchneeh\u00fchnern\u201c.\u00a0Eintritt frei. G\u00e4ste willkommen.<\/p>\n<h1>Rallyefr\u00fchst\u00fcck<\/h1>\n<p>Am Samstag, 27.04. 2013 ab 6:30 gibt es f\u00fcr alle Rallyeteilnehmerinnen und Rallyeteilnehmer ein echt bayerisches Weisswurstfr\u00fchst\u00fcck. Bitte Ausweise tragen, dann ist Fr\u00fchst\u00fcck frei.\u00a0G\u00e4ste willkommen. Die m\u00fcssen das Fr\u00fchst\u00fcck direkt bei der bewirtenden Fahnensektion bezahlen.<\/p>\n<h1>Startaufstellung (wichtig)<\/h1>\n<p>M\u00f6glichst um 7:oo Uhr stehen die Fahrzeuge in Startreihenfolge (Selbstdisziplin der Teams bitte &#8230;Ihr braucht keine Ordner!!!) in der Argenstra\u00dfe Hinter dem Team 1 und 2 von Arthur und der Lebenshilfe aufstellen. Bitte kein Team vor die Teams 1 und 2 aufstellen! \u00a0 DANKE<\/p>\n<h1>Startprocedere<\/h1>\n<p>P\u00dcNKTLICH am 27.04.2013 um 8:oo Uhr treffen sind alle Rallyeteilnehmer vor der Startrampe. Es gibt ein paar kurze Gutew\u00fcnscheworte, eine kleine Andacht und den kirchlichen Segen.<\/p>\n<p>Der Start erfolgt danach \u00fcber die Startrampe im Minutentakt.<\/p>\n<p><b>T\u00dcV &#8211; Homogolation<\/b><\/p>\n<p>Ab 7:00 Uhr sind der T\u00fcV-Pr\u00fcfingenieur Boris R\u00e4dler und Daniel IDEFIX Koch vom OK unterwegs und nehmen die Autos ab. Jedes Fahrzeug bekommt einen Homogolationsaufkleber. Nur damit kommt Ihr \u00fcber die Startrampe!!!<\/p>\n<h1>Auf der Startrampe<\/h1>\n<p>Auf der Startrampe laufen dann noch einige Interviews.<\/p>\n<p>BITTE NEHMT EUER MUSIKINSTRUMENT IM ERSTEN EURER TEAMFAHRZEUGE MIT AUF DIE STARTRAMPE.<\/p>\n<p>Jochen und seine Helfer vom OK nehmen Euch das Instrument ab. Schaut, was Ihr dann daf\u00fcr noch bekommt!<br \/>\nEs erfolgt dann auf oder vor der Rampe noch eine spezielle Abnahme Eurer Autohupen (ist das Wichtigste f\u00fcr Istanbul !!!)<br \/>\nDas Roadbook bekommt Ihr in diesem Jahr wieder nicht beim Start. Ihr bekommt aber einen Weg zum Roadbook gezeigt.<br \/>\nNach der Startrampe geht es durch den Kurpark (Achtung im Park maximal 20 fahren und im Ort wo generell Tempo 30 gilt !!! an die Tempobeschr\u00e4nkung halten. Die Radarmessungen in Oberstaufen sind brutal und es gibt bei der Rallye keinerlei Gnade hat der Polizeih\u00e4uptling gesagt. Dies gilt auch f\u00fcr fahren unter (Rest) Alkohol.<\/p>\n<h1>Not-Werkstatt<\/h1>\n<p>Leider geht manchmal auf der Anfahrt zur Rallye schon was kaputt. Norbert Pfeifer von der Firma CARPARK bei der Tennishalle Oberstaufen (Ludwig Maier Weg 2, 87534 Oberstaufen) hat in seinem Autohaus einen Rallye-Vorstartnotdienst eingerichtet. Er hat faire Preise.<br \/>\n(Norbert m\u00f6chte aber nicht unbedingt wie 2012 bis 4: 00 Uhr fr\u00fch an Rallyewagen schrauben &#8211; daher schaut, dass Ihr die Autos daheim durchschaut.)<br \/>\nHier die Tel. Nummer von Norbert Pfeiffer f\u00fcr Notf\u00e4lle : 0171 7870001 oder 08386 2280<\/p>\n<h1>Rallye-Radio &#8211; 97,7 Megahertz<\/h1>\n<p>Bitte richtet in Eurem Autoradio schon mal die Frequenz 97,7 FM ein. Wenn alles klappt k\u00f6nnen wir vom OK Euch da ausserhalb von D erreichen.<\/p>\n<p>Was noch?<\/p>\n<p>Bitte denkt an Eure Pass-, Autopapiere und Versicherungskopien UND LASST NICHT WIE EIN SCHLAUBERGERTEAM 2011 DIE ORIGINALE DAHEIM IM KOPIERER ZUR\u00dcCK).<\/p>\n<p>LASST EUCH DIE P\u00c4SSE NICHT KLAUEN! &#8211; DAS IST AB DER T\u00dcRKEI WIRKLICH MEHR ALS\u00a0UNANGENEHM!<\/p>\n<p>So, jetzt freuen wir uns auf Euch!!!!<\/p>\n<p>Wilfried und das OK<\/p>\n<p>&nbsp;<\/p>\n<p><b>Hier noch die wichtigsten Telefonnummern von uns.\u00a0<\/b><\/p>\n<p>BITTE ABER NUR IM NOTFALL, IM WIRKLICHEN NOTFALL nutzen, sonst h\u00e4ngen wir nur am Telefon! \u00a0 DANKE<\/p>\n<p><b>Wilfried <\/b>0049 170 5403776<br \/>\n<b>Nadir in Deutschland<\/b> 0049 178 8234255<br \/>\n<b>Nadir in der T\u00fcrkei<\/b> 0090 (507) 292 11 60 (bitte nur im Notfall (bei Unfall oder bei Fahrzeug-totalausfall) anrufen<br \/>\n<b>Sakher Jordanien<\/b> 00962 77782723<br \/>\n<b>Rene <\/b>0049 176 63216892<br \/>\n<b>Floh<\/b> 0049 171 3110971<br \/>\n<b>Det <\/b>0049 172 4472485<br \/>\n<b>Richard <\/b>0049 163 536531<br \/>\n<b>Daniel <\/b>0049 176 21752507<br \/>\n<b>Homeoffice in Deutschland <\/b>&#8211; Marlie 0049 8386 960760 oder 0049 160 94523410<\/p>\n<p>Wir h\u00e4ngen bei der Einschreibung eine Telefonliste aus &#8211; bitte tragt dort die Handynummer ein, unter der Ihr (Teamchef) f\u00fcr den Notfall bei der Rallye erreichbar seid.<\/p>\n<p>DANKE!!!<\/p>\n<p>Denkt bitte dran, dass auch ein gut schreibender Aufallesschreiber (z.B. Edding) und ein gutes Klebeband zur Rallye-Grundausstattung geh\u00f6rt!<\/td>\n<\/tr>\n<\/tbody>\n<\/table>\n<\/td>\n<td width=\"10\"><\/td>\n<\/tr>\n<\/tbody>\n<\/table>\n<\/div>\n<p align=\"center\">\n<div class=\"fcbkbttn_buttons_block\" id=\"fcbkbttn_left\"><div class=\"fcbkbttn_like \"><fb:like href=\"https:\/\/orient.scuderiagrischa.ch\/wordpress\/?page_id=1223\" action=\"like\" colorscheme=\"light\" layout=\"button_count\"  size=\"small\"><\/fb:like><\/div><\/div>","protected":false},"excerpt":{"rendered":"<p>\u00a0 &nbsp; Hallo zusammen, nun lassen sich schon die Stunden z\u00e4hlen, zu Eurem und unserem gro\u00dfen Abenteuer. Die Medienresonanz ist so gro\u00df wie nie zuvor. Es l\u00e4uft alles nach Plan und wir haben von allen Seiten fantastische Unterst\u00fctzung. Unglaublich was in unseren Gastl\u00e4ndern an Vorbereitungen l\u00e4uft. Trotzdem haben wir f\u00fcr zuerst ein paar \u00e4rgerliche, bzw. &hellip; <a class=\"read-excerpt\" href=\"https:\/\/orient.scuderiagrischa.ch\/wordpress\/?page_id=1223\">Weiterlesen <span class=\"meta-nav\">&raquo;<\/span><\/a><\/p>\n","protected":false},"author":1,"featured_media":0,"parent":18,"menu_order":18,"comment_status":"closed","ping_status":"closed","template":"","meta":[],"_links":{"self":[{"href":"https:\/\/orient.scuderiagrischa.ch\/wordpress\/index.php?rest_route=\/wp\/v2\/pages\/1223"}],"collection":[{"href":"https:\/\/orient.scuderiagrischa.ch\/wordpress\/index.php?rest_route=\/wp\/v2\/pages"}],"about":[{"href":"https:\/\/orient.scuderiagrischa.ch\/wordpress\/index.php?rest_route=\/wp\/v2\/types\/page"}],"author":[{"embeddable":true,"href":"https:\/\/orient.scuderiagrischa.ch\/wordpress\/index.php?rest_route=\/wp\/v2\/users\/1"}],"replies":[{"embeddable":true,"href":"https:\/\/orient.scuderiagrischa.ch\/wordpress\/index.php?rest_route=%2Fwp%2Fv2%2Fcomments&post=1223"}],"version-history":[{"count":2,"href":"https:\/\/orient.scuderiagrischa.ch\/wordpress\/index.php?rest_route=\/wp\/v2\/pages\/1223\/revisions"}],"predecessor-version":[{"id":1225,"href":"https:\/\/orient.scuderiagrischa.ch\/wordpress\/index.php?rest_route=\/wp\/v2\/pages\/1223\/revisions\/1225"}],"up":[{"embeddable":true,"href":"https:\/\/orient.scuderiagrischa.ch\/wordpress\/index.php?rest_route=\/wp\/v2\/pages\/18"}],"wp:attachment":[{"href":"https:\/\/orient.scuderiagrischa.ch\/wordpress\/index.php?rest_route=%2Fwp%2Fv2%2Fmedia&parent=1223"}],"curies":[{"name":"wp","href":"https:\/\/api.w.org\/{rel}","templated":true}]}}