{"id":18,"date":"2012-08-12T13:19:58","date_gmt":"2012-08-12T11:19:58","guid":{"rendered":"http:\/\/orient.scuderiagrischa.ch\/wordpress\/?page_id=18"},"modified":"2013-01-13T10:31:33","modified_gmt":"2013-01-13T09:31:33","slug":"die-idee","status":"publish","type":"page","link":"https:\/\/orient.scuderiagrischa.ch\/wordpress\/?page_id=18","title":{"rendered":"Die Idee"},"content":{"rendered":"<p><a href=\"http:\/\/orient.scuderiagrischa.ch\/wordpress\/?attachment_id=676\" rel=\"attachment wp-att-676\"><img loading=\"lazy\" class=\"alignleft size-medium wp-image-676\" alt=\"AO_Logo_mit_motto\" src=\"http:\/\/orient.scuderiagrischa.ch\/wordpress\/wp-content\/uploads\/2012\/08\/AO_Logo_mit_motto-300x221.jpg\" width=\"300\" height=\"221\" srcset=\"https:\/\/orient.scuderiagrischa.ch\/wordpress\/wp-content\/uploads\/2012\/08\/AO_Logo_mit_motto-300x221.jpg 300w, https:\/\/orient.scuderiagrischa.ch\/wordpress\/wp-content\/uploads\/2012\/08\/AO_Logo_mit_motto-1024x754.jpg 1024w, https:\/\/orient.scuderiagrischa.ch\/wordpress\/wp-content\/uploads\/2012\/08\/AO_Logo_mit_motto.jpg 1199w\" sizes=\"(max-width: 300px) 100vw, 300px\" \/><\/a>Mit vierundvierzig Lenzen auf dem Buckel und ersten Anzeichen von schleichender Leichenstarre soll es noch einmal so richtig krachen. Durch Martin, vom b\u00f6sartigen Keim infiziert, der \u00fcber Wochen in mir gedieh und sich proper vermehrte, wurde dieser, mittels oraler \u00dcbertragung im Bekanntenkreis breit gestreut. Nun, nach Beendigung der Inkubationszeit ist der \u201eVirus\u201c nicht mehr zu b\u00e4ndigen. Dank Andi und seinem heldenhaften, n\u00e4chtlichen Einsatz haben wir auf der Teilnehmerliste gerade noch rechtzeitig Einzug gehalten. Riccardo hat die geniale Idee beigesteuert, ab der T\u00fcrkei \u201eoben Ohne\u201c am Rennen teil zu nehmen, was in unserem Kreis auf breite Zustimmung stiess. Also, nicht vergessen Trennscheibe einpacken!<\/p>\n<p>Meine verst\u00e4ndnisvolle Frau ist im Bilde, was im Fr\u00fchling abgehen wird. Heimlich freut sie sich auf die bevorstehende Strohwitwen-Zeit \u2013 was sie nat\u00fcrlich nie zugeben w\u00fcrde. \u00a0Meinem sieben j\u00e4hrigen Sohn Gian, der das v\u00e4terliche Vorhaben \u201eso coooool\u201c findet, weiss nicht ganz uneigenn\u00fctzig \u00fcber die Wirkung der magischen W\u00f6rter \u201eOrient\u201c und \u201eRallye\u201c Bescheid und wird nicht z\u00f6gern diese entsprechend medienwirksam auf dem Pausenplatz einzusetzen.<\/p>\n<p>Der Traum wird Realit\u00e4t!!! Die Zeit der Vorbereitung kann beginnen! Die Vorfreude auf exotische Tafelrunden, Lagerfeuerromantik gew\u00fcrzt mit einer Prise Fussschweiss im n\u00e4chtlichen Zeltlager hinterl\u00e4sst schubartige Sch\u00fcttelfr\u00f6ste freudiger Erwartung. Sch\u00f6n, dass es heutzutage noch m\u00f6glich ist eine derart unvern\u00fcnftige Veranstaltung zu lancieren.<\/p>\n<p>Oder vielleicht doch nicht so unvern\u00fcnftig?<\/p>\n<p>Am Ende werden ja alle Fahrzeuge einem karikativen Zweck zugef\u00fchrt \u2013 f\u00fcrs allgemeine Gewissen und die heutzutage obligate \u201epolitical correctness\u201c.<\/p>\n<p>&nbsp;<\/p>\n<p>Bleibt zuletzt mir noch eine Forderung: \u00a0\u00a0<strong><span style=\"text-decoration: underline;\">Mehr Steinb\u00f6cke f\u00fcr den Orient!!!<\/span><\/strong><\/p>\n<p>&nbsp;<\/p>\n<p>Euer J\u00f6rg<\/p>\n<p>&nbsp;<\/p>\n<div class=\"fcbkbttn_buttons_block\" id=\"fcbkbttn_left\"><div class=\"fcbkbttn_like \"><fb:like href=\"https:\/\/orient.scuderiagrischa.ch\/wordpress\/?page_id=18\" action=\"like\" colorscheme=\"light\" layout=\"button_count\"  size=\"small\"><\/fb:like><\/div><\/div>","protected":false},"excerpt":{"rendered":"<p>Mit vierundvierzig Lenzen auf dem Buckel und ersten Anzeichen von schleichender Leichenstarre soll es noch einmal so richtig krachen. Durch Martin, vom b\u00f6sartigen Keim infiziert, der \u00fcber Wochen in mir gedieh und sich proper vermehrte, wurde dieser, mittels oraler \u00dcbertragung im Bekanntenkreis breit gestreut. Nun, nach Beendigung der Inkubationszeit ist der \u201eVirus\u201c nicht mehr zu &hellip; <a class=\"read-excerpt\" href=\"https:\/\/orient.scuderiagrischa.ch\/wordpress\/?page_id=18\">Weiterlesen <span class=\"meta-nav\">&raquo;<\/span><\/a><\/p>\n","protected":false},"author":4,"featured_media":0,"parent":0,"menu_order":3,"comment_status":"open","ping_status":"closed","template":"template-twocol_left.php","meta":[],"_links":{"self":[{"href":"https:\/\/orient.scuderiagrischa.ch\/wordpress\/index.php?rest_route=\/wp\/v2\/pages\/18"}],"collection":[{"href":"https:\/\/orient.scuderiagrischa.ch\/wordpress\/index.php?rest_route=\/wp\/v2\/pages"}],"about":[{"href":"https:\/\/orient.scuderiagrischa.ch\/wordpress\/index.php?rest_route=\/wp\/v2\/types\/page"}],"author":[{"embeddable":true,"href":"https:\/\/orient.scuderiagrischa.ch\/wordpress\/index.php?rest_route=\/wp\/v2\/users\/4"}],"replies":[{"embeddable":true,"href":"https:\/\/orient.scuderiagrischa.ch\/wordpress\/index.php?rest_route=%2Fwp%2Fv2%2Fcomments&post=18"}],"version-history":[{"count":14,"href":"https:\/\/orient.scuderiagrischa.ch\/wordpress\/index.php?rest_route=\/wp\/v2\/pages\/18\/revisions"}],"predecessor-version":[{"id":679,"href":"https:\/\/orient.scuderiagrischa.ch\/wordpress\/index.php?rest_route=\/wp\/v2\/pages\/18\/revisions\/679"}],"wp:attachment":[{"href":"https:\/\/orient.scuderiagrischa.ch\/wordpress\/index.php?rest_route=%2Fwp%2Fv2%2Fmedia&parent=18"}],"curies":[{"name":"wp","href":"https:\/\/api.w.org\/{rel}","templated":true}]}}