{"id":368,"date":"2012-11-03T08:33:07","date_gmt":"2012-11-03T07:33:07","guid":{"rendered":"http:\/\/orient.scuderiagrischa.ch\/wordpress\/?page_id=368"},"modified":"2013-03-17T20:41:44","modified_gmt":"2013-03-17T19:41:44","slug":"gutschi-2-ford-explorer","status":"publish","type":"page","link":"https:\/\/orient.scuderiagrischa.ch\/wordpress\/?page_id=368","title":{"rendered":"Ford Explorer"},"content":{"rendered":"<p><strong>Ford Explorer Eddy Bauer Edition<\/strong><\/p>\n<table style=\"width: 405px; height: 178px;\" border=\"0\" frame=\"void\">\n<tbody>\n<tr>\n<td><strong><a href=\"http:\/\/orient.scuderiagrischa.ch\/wordpress\/wp-content\/uploads\/2012\/08\/IMG_9429.jpg\"><img loading=\"lazy\" title=\"Ford Explorer\" alt=\"\" src=\"http:\/\/orient.scuderiagrischa.ch\/wordpress\/wp-content\/uploads\/2012\/08\/IMG_9429-300x225.jpg\" width=\"300\" height=\"225\" \/><\/a><\/strong><\/td>\n<td>Ein Ami-Fass mit 4.0 V6 in der Luxusausf\u00fchrung<\/p>\n<ul>\n<li>Klimaanlage (geht nicht)<\/li>\n<li>Elektrische Sitzverstellung<\/li>\n<li>Elektrische Spiegel<\/li>\n<li>Elektrische Differsperre<\/li>\n<li>Eierkocher<\/li>\n<\/ul>\n<p>Man beachte das vorgeschnallte Reserverad!<\/td>\n<\/tr>\n<tr>\n<td>Auch mit diesem Teil erf\u00fcllen wir locker die Vorgaben der Rallye!Sie ist sogar noch vorgef\u00fchrt (Deutsch: Hat noch T\u00fcV)<\/td>\n<td><a href=\"http:\/\/orient.scuderiagrischa.ch\/wordpress\/wp-content\/uploads\/2012\/08\/Ford-Explorer.jpg\"><img loading=\"lazy\" title=\"Ford Explorer\" alt=\"\" src=\"http:\/\/orient.scuderiagrischa.ch\/wordpress\/wp-content\/uploads\/2012\/08\/Ford-Explorer.jpg\" width=\"355\" height=\"343\" \/><\/a><\/td>\n<\/tr>\n<tr>\n<td colspan=\"2\">\n<h2>\u00a0 Bereitstellen<\/h2>\n<\/td>\n<\/tr>\n<tr>\n<td>\u00a0<a href=\"http:\/\/orient.scuderiagrischa.ch\/wordpress\/wp-content\/uploads\/2012\/08\/Foto0003.jpg\"><img loading=\"lazy\" class=\"alignleft size-medium wp-image-343\" title=\"Auf dem Lift\" alt=\"\" src=\"http:\/\/orient.scuderiagrischa.ch\/wordpress\/wp-content\/uploads\/2012\/08\/Foto0003-300x225.jpg\" width=\"300\" height=\"225\" srcset=\"https:\/\/orient.scuderiagrischa.ch\/wordpress\/wp-content\/uploads\/2012\/08\/Foto0003-300x225.jpg 300w, https:\/\/orient.scuderiagrischa.ch\/wordpress\/wp-content\/uploads\/2012\/08\/Foto0003-1024x768.jpg 1024w, https:\/\/orient.scuderiagrischa.ch\/wordpress\/wp-content\/uploads\/2012\/08\/Foto0003-160x120.jpg 160w\" sizes=\"(max-width: 300px) 100vw, 300px\" \/><\/a><\/td>\n<td>\u00a0Auf dem Lift.<\/td>\n<\/tr>\n<tr>\n<td>\u00a0Daran erkennt man die echten Rallye-Fahrer:<\/p>\n<ol>\n<li>Nationalit\u00e4t<\/li>\n<li>Name<\/li>\n<li>Blutgruppe<\/li>\n<\/ol>\n<p>&nbsp;<\/td>\n<td>\u00a0<a href=\"http:\/\/orient.scuderiagrischa.ch\/wordpress\/wp-content\/uploads\/2012\/08\/Foto0010.jpg\"><img loading=\"lazy\" class=\"alignleft size-medium wp-image-344\" title=\"Namenschilder\" alt=\"\" src=\"http:\/\/orient.scuderiagrischa.ch\/wordpress\/wp-content\/uploads\/2012\/08\/Foto0010-300x225.jpg\" width=\"300\" height=\"225\" srcset=\"https:\/\/orient.scuderiagrischa.ch\/wordpress\/wp-content\/uploads\/2012\/08\/Foto0010-300x225.jpg 300w, https:\/\/orient.scuderiagrischa.ch\/wordpress\/wp-content\/uploads\/2012\/08\/Foto0010-1024x768.jpg 1024w, https:\/\/orient.scuderiagrischa.ch\/wordpress\/wp-content\/uploads\/2012\/08\/Foto0010-160x120.jpg 160w\" sizes=\"(max-width: 300px) 100vw, 300px\" \/><\/a><\/td>\n<\/tr>\n<tr>\n<td>\u00a0<a href=\"http:\/\/orient.scuderiagrischa.ch\/wordpress\/wp-content\/uploads\/2012\/10\/IMG_0486.JPG\"><img loading=\"lazy\" class=\"alignleft size-medium wp-image-306\" title=\"Das Oel kommt\" alt=\"\" src=\"http:\/\/orient.scuderiagrischa.ch\/wordpress\/wp-content\/uploads\/2012\/10\/IMG_0486-300x224.jpg\" width=\"300\" height=\"224\" srcset=\"https:\/\/orient.scuderiagrischa.ch\/wordpress\/wp-content\/uploads\/2012\/10\/IMG_0486-300x224.jpg 300w, https:\/\/orient.scuderiagrischa.ch\/wordpress\/wp-content\/uploads\/2012\/10\/IMG_0486-1024x764.jpg 1024w, https:\/\/orient.scuderiagrischa.ch\/wordpress\/wp-content\/uploads\/2012\/10\/IMG_0486-160x120.jpg 160w\" sizes=\"(max-width: 300px) 100vw, 300px\" \/><\/a><\/td>\n<td>\u00a0<a href=\"http:\/\/orient.scuderiagrischa.ch\/wordpress\/wp-content\/uploads\/2012\/10\/IMG_0485.JPG\"><img loading=\"lazy\" class=\"alignleft size-medium wp-image-307\" title=\"Filterwechsel\" alt=\"\" src=\"http:\/\/orient.scuderiagrischa.ch\/wordpress\/wp-content\/uploads\/2012\/10\/IMG_0485-224x300.jpg\" width=\"224\" height=\"300\" srcset=\"https:\/\/orient.scuderiagrischa.ch\/wordpress\/wp-content\/uploads\/2012\/10\/IMG_0485-224x300.jpg 224w, https:\/\/orient.scuderiagrischa.ch\/wordpress\/wp-content\/uploads\/2012\/10\/IMG_0485-764x1024.jpg 764w, https:\/\/orient.scuderiagrischa.ch\/wordpress\/wp-content\/uploads\/2012\/10\/IMG_0485.JPG 1936w\" sizes=\"(max-width: 224px) 100vw, 224px\" \/><\/a><\/td>\n<\/tr>\n<tr>\n<td>Der Oelwechsel ist geschafft!<\/td>\n<td><a href=\"http:\/\/orient.scuderiagrischa.ch\/wordpress\/wp-content\/uploads\/2012\/10\/IMG_0484.JPG\"><img loading=\"lazy\" class=\"alignleft size-medium wp-image-308\" title=\"Oelwechsel geschafft\" alt=\"\" src=\"http:\/\/orient.scuderiagrischa.ch\/wordpress\/wp-content\/uploads\/2012\/10\/IMG_0484-224x300.jpg\" width=\"224\" height=\"300\" srcset=\"https:\/\/orient.scuderiagrischa.ch\/wordpress\/wp-content\/uploads\/2012\/10\/IMG_0484-224x300.jpg 224w, https:\/\/orient.scuderiagrischa.ch\/wordpress\/wp-content\/uploads\/2012\/10\/IMG_0484-764x1024.jpg 764w, https:\/\/orient.scuderiagrischa.ch\/wordpress\/wp-content\/uploads\/2012\/10\/IMG_0484.JPG 1936w\" sizes=\"(max-width: 224px) 100vw, 224px\" \/><\/a><\/td>\n<\/tr>\n<tr>\n<td>\u00a0<a href=\"http:\/\/orient.scuderiagrischa.ch\/wordpress\/wp-content\/uploads\/2013\/03\/_MG_63085145d11d606aa.JPG\"><img loading=\"lazy\" class=\"alignleft size-medium wp-image-882\" alt=\"_MG_63085145d11d606aa.JPG\" src=\"http:\/\/orient.scuderiagrischa.ch\/wordpress\/wp-content\/uploads\/2013\/03\/_MG_63085145d11d606aa-300x199.jpg\" width=\"300\" height=\"199\" srcset=\"https:\/\/orient.scuderiagrischa.ch\/wordpress\/wp-content\/uploads\/2013\/03\/_MG_63085145d11d606aa-300x199.jpg 300w, https:\/\/orient.scuderiagrischa.ch\/wordpress\/wp-content\/uploads\/2013\/03\/_MG_63085145d11d606aa-1024x682.jpg 1024w, https:\/\/orient.scuderiagrischa.ch\/wordpress\/wp-content\/uploads\/2013\/03\/_MG_63085145d11d606aa-120x80.jpg 120w, https:\/\/orient.scuderiagrischa.ch\/wordpress\/wp-content\/uploads\/2013\/03\/_MG_63085145d11d606aa.JPG 1600w\" sizes=\"(max-width: 300px) 100vw, 300px\" \/><\/a><\/td>\n<td>\u00a0<a href=\"http:\/\/orient.scuderiagrischa.ch\/wordpress\/wp-content\/uploads\/2013\/03\/_MG_63125145d11de3cd2.JPG\"><img loading=\"lazy\" class=\"alignleft size-medium wp-image-884\" alt=\"_MG_63125145d11de3cd2.JPG\" src=\"http:\/\/orient.scuderiagrischa.ch\/wordpress\/wp-content\/uploads\/2013\/03\/_MG_63125145d11de3cd2-300x199.jpg\" width=\"300\" height=\"199\" srcset=\"https:\/\/orient.scuderiagrischa.ch\/wordpress\/wp-content\/uploads\/2013\/03\/_MG_63125145d11de3cd2-300x199.jpg 300w, https:\/\/orient.scuderiagrischa.ch\/wordpress\/wp-content\/uploads\/2013\/03\/_MG_63125145d11de3cd2-1024x682.jpg 1024w, https:\/\/orient.scuderiagrischa.ch\/wordpress\/wp-content\/uploads\/2013\/03\/_MG_63125145d11de3cd2-120x80.jpg 120w, https:\/\/orient.scuderiagrischa.ch\/wordpress\/wp-content\/uploads\/2013\/03\/_MG_63125145d11de3cd2.JPG 1600w\" sizes=\"(max-width: 300px) 100vw, 300px\" \/><\/a><\/td>\n<\/tr>\n<tr>\n<td><a href=\"http:\/\/orient.scuderiagrischa.ch\/wordpress\/wp-content\/uploads\/2013\/03\/IMG_1117.JPG\"><img loading=\"lazy\" class=\"alignleft size-medium wp-image-965\" alt=\"IMG_1117.JPG\" src=\"http:\/\/orient.scuderiagrischa.ch\/wordpress\/wp-content\/uploads\/2013\/03\/IMG_1117-300x224.jpg\" width=\"300\" height=\"224\" srcset=\"https:\/\/orient.scuderiagrischa.ch\/wordpress\/wp-content\/uploads\/2013\/03\/IMG_1117-300x224.jpg 300w, https:\/\/orient.scuderiagrischa.ch\/wordpress\/wp-content\/uploads\/2013\/03\/IMG_1117-1024x764.jpg 1024w, https:\/\/orient.scuderiagrischa.ch\/wordpress\/wp-content\/uploads\/2013\/03\/IMG_1117-160x120.jpg 160w, https:\/\/orient.scuderiagrischa.ch\/wordpress\/wp-content\/uploads\/2013\/03\/IMG_1117.JPG 1600w\" sizes=\"(max-width: 300px) 100vw, 300px\" \/><\/a><\/td>\n<td><a href=\"http:\/\/orient.scuderiagrischa.ch\/wordpress\/wp-content\/uploads\/2013\/03\/IMG_1099.JPG\"><img loading=\"lazy\" class=\"alignleft size-medium wp-image-946\" alt=\"IMG_1099.JPG\" src=\"http:\/\/orient.scuderiagrischa.ch\/wordpress\/wp-content\/uploads\/2013\/03\/IMG_1099-224x300.jpg\" width=\"224\" height=\"300\" srcset=\"https:\/\/orient.scuderiagrischa.ch\/wordpress\/wp-content\/uploads\/2013\/03\/IMG_1099-224x300.jpg 224w, https:\/\/orient.scuderiagrischa.ch\/wordpress\/wp-content\/uploads\/2013\/03\/IMG_1099-764x1024.jpg 764w, https:\/\/orient.scuderiagrischa.ch\/wordpress\/wp-content\/uploads\/2013\/03\/IMG_1099.JPG 1936w\" sizes=\"(max-width: 224px) 100vw, 224px\" \/><\/a><\/td>\n<\/tr>\n<tr>\n<td><a href=\"http:\/\/orient.scuderiagrischa.ch\/wordpress\/wp-content\/uploads\/2013\/03\/IMG_1119.JPG\"><img loading=\"lazy\" class=\"alignleft size-medium wp-image-967\" alt=\"IMG_1119.JPG\" src=\"http:\/\/orient.scuderiagrischa.ch\/wordpress\/wp-content\/uploads\/2013\/03\/IMG_1119-224x300.jpg\" width=\"224\" height=\"300\" srcset=\"https:\/\/orient.scuderiagrischa.ch\/wordpress\/wp-content\/uploads\/2013\/03\/IMG_1119-224x300.jpg 224w, https:\/\/orient.scuderiagrischa.ch\/wordpress\/wp-content\/uploads\/2013\/03\/IMG_1119-764x1024.jpg 764w, https:\/\/orient.scuderiagrischa.ch\/wordpress\/wp-content\/uploads\/2013\/03\/IMG_1119.JPG 1195w\" sizes=\"(max-width: 224px) 100vw, 224px\" \/><\/a><\/td>\n<td><a href=\"http:\/\/orient.scuderiagrischa.ch\/wordpress\/wp-content\/uploads\/2013\/03\/_MG_6484.JPG\"><img loading=\"lazy\" class=\"alignleft size-medium wp-image-859\" alt=\"_MG_6484.JPG\" src=\"http:\/\/orient.scuderiagrischa.ch\/wordpress\/wp-content\/uploads\/2013\/03\/_MG_6484-300x200.jpg\" width=\"300\" height=\"200\" srcset=\"https:\/\/orient.scuderiagrischa.ch\/wordpress\/wp-content\/uploads\/2013\/03\/_MG_6484-300x200.jpg 300w, https:\/\/orient.scuderiagrischa.ch\/wordpress\/wp-content\/uploads\/2013\/03\/_MG_6484-1024x682.jpg 1024w, https:\/\/orient.scuderiagrischa.ch\/wordpress\/wp-content\/uploads\/2013\/03\/_MG_6484-120x80.jpg 120w\" sizes=\"(max-width: 300px) 100vw, 300px\" \/><\/a><\/td>\n<\/tr>\n<\/tbody>\n<\/table>\n<p><strong><br \/>\n<\/strong><\/p>\n<p>&nbsp;<\/p>\n<p>&nbsp;<\/p>\n<p>&nbsp;<\/p>\n<p>&nbsp;<\/p>\n<p>&nbsp;<\/p>\n<p>&nbsp;<\/p>\n<div class=\"fcbkbttn_buttons_block\" id=\"fcbkbttn_left\"><div class=\"fcbkbttn_like \"><fb:like href=\"https:\/\/orient.scuderiagrischa.ch\/wordpress\/?page_id=368\" action=\"like\" colorscheme=\"light\" layout=\"button_count\"  size=\"small\"><\/fb:like><\/div><\/div>","protected":false},"excerpt":{"rendered":"<p>Ford Explorer Eddy Bauer Edition Ein Ami-Fass mit 4.0 V6 in der Luxusausf\u00fchrung Klimaanlage (geht nicht) Elektrische Sitzverstellung Elektrische Spiegel Elektrische Differsperre Eierkocher Man beachte das vorgeschnallte Reserverad! Auch mit diesem Teil erf\u00fcllen wir locker die Vorgaben der Rallye!Sie ist sogar noch vorgef\u00fchrt (Deutsch: Hat noch T\u00fcV) \u00a0 Bereitstellen \u00a0 \u00a0Auf dem Lift. \u00a0Daran erkennt &hellip; <a class=\"read-excerpt\" href=\"https:\/\/orient.scuderiagrischa.ch\/wordpress\/?page_id=368\">Weiterlesen <span class=\"meta-nav\">&raquo;<\/span><\/a><\/p>\n","protected":false},"author":1,"featured_media":0,"parent":16,"menu_order":0,"comment_status":"open","ping_status":"closed","template":"","meta":[],"_links":{"self":[{"href":"https:\/\/orient.scuderiagrischa.ch\/wordpress\/index.php?rest_route=\/wp\/v2\/pages\/368"}],"collection":[{"href":"https:\/\/orient.scuderiagrischa.ch\/wordpress\/index.php?rest_route=\/wp\/v2\/pages"}],"about":[{"href":"https:\/\/orient.scuderiagrischa.ch\/wordpress\/index.php?rest_route=\/wp\/v2\/types\/page"}],"author":[{"embeddable":true,"href":"https:\/\/orient.scuderiagrischa.ch\/wordpress\/index.php?rest_route=\/wp\/v2\/users\/1"}],"replies":[{"embeddable":true,"href":"https:\/\/orient.scuderiagrischa.ch\/wordpress\/index.php?rest_route=%2Fwp%2Fv2%2Fcomments&post=368"}],"version-history":[{"count":7,"href":"https:\/\/orient.scuderiagrischa.ch\/wordpress\/index.php?rest_route=\/wp\/v2\/pages\/368\/revisions"}],"predecessor-version":[{"id":371,"href":"https:\/\/orient.scuderiagrischa.ch\/wordpress\/index.php?rest_route=\/wp\/v2\/pages\/368\/revisions\/371"}],"up":[{"embeddable":true,"href":"https:\/\/orient.scuderiagrischa.ch\/wordpress\/index.php?rest_route=\/wp\/v2\/pages\/16"}],"wp:attachment":[{"href":"https:\/\/orient.scuderiagrischa.ch\/wordpress\/index.php?rest_route=%2Fwp%2Fv2%2Fmedia&parent=368"}],"curies":[{"name":"wp","href":"https:\/\/api.w.org\/{rel}","templated":true}]}}