{"id":517,"date":"2012-12-10T20:01:35","date_gmt":"2012-12-10T19:01:35","guid":{"rendered":"http:\/\/orient.scuderiagrischa.ch\/wordpress\/?page_id=517"},"modified":"2012-12-10T20:05:28","modified_gmt":"2012-12-10T19:05:28","slug":"allgau-orient-rallye-2013-fuhrt-uber-israel-und-palestina","status":"publish","type":"page","link":"https:\/\/orient.scuderiagrischa.ch\/wordpress\/?page_id=517","title":{"rendered":"Allg\u00e4u Orient Rallye 2013 f\u00fchrt \u00fcber Israel und Palestina"},"content":{"rendered":"<p><a href=\"http:\/\/orient.scuderiagrischa.ch\/wordpress\/wp-content\/uploads\/2012\/12\/allgaeu-orient-logo.jpg\"><img loading=\"lazy\" class=\"alignnone size-full wp-image-497\" title=\"allgaeu-orient logo\" src=\"http:\/\/orient.scuderiagrischa.ch\/wordpress\/wp-content\/uploads\/2012\/12\/allgaeu-orient-logo.jpg\" alt=\"\" width=\"700\" height=\"133\" srcset=\"https:\/\/orient.scuderiagrischa.ch\/wordpress\/wp-content\/uploads\/2012\/12\/allgaeu-orient-logo.jpg 700w, https:\/\/orient.scuderiagrischa.ch\/wordpress\/wp-content\/uploads\/2012\/12\/allgaeu-orient-logo-300x57.jpg 300w, https:\/\/orient.scuderiagrischa.ch\/wordpress\/wp-content\/uploads\/2012\/12\/allgaeu-orient-logo-680x130.jpg 680w\" sizes=\"(max-width: 700px) 100vw, 700px\" \/><\/a><\/p>\n<p>Wir haben es geschafft!<\/p>\n<p>Die Allg\u00e4u Orient Rallye 2013 wird als erste Sportveranstaltung \u00fcberhaupt \u00fcber Israel und Palestina nach Jordanien f\u00fchren. Die Zusagen und aktive Unterst\u00fctzung von h\u00f6chsten Vertretern Palestinas und Israels haben wir heute in Jerusalem bekommen.<br \/>\nWeil wir zus\u00e4tzlich 2013 eine weitere &#8220;schwierige&#8221; Grenze von Nord Zypern ins griechische Zypern \u00fcberwinden, kann die n\u00e4chste Rallye einen kleinen Beitrag zum gegenseitigen Verst\u00e4ndnis und vielleicht zu etwas mehr Frieden beitragen. Rallye Teilnehmer aus elf Nationen, darunter Israelis, Palestinenser und Araber aus dem Zielland Jordanien, werden gemeinsam scheinbar un\u00fcberwindliche Grenzen ueberwinden um das Ziel in der jordanischen W\u00fcste zu erreichen.<br \/>\nDie Medienbeachtung d\u00fcrfte auch sicher sein.<br \/>\nDie Sicherheit der Teilnehmer steht bei der Allg\u00e4u Orient Rallye wie immer an 1. Stelle. Dies ist trotz der nicht einfachen Situation hier im Nahen und Mittleren Osten jetzt. gew\u00e4hrleistet<\/p>\n<p>Mehr Infos nach unserer R\u00fcckkehr Mitte Dezember.<\/p>\n<p>Viele Gr\u00fcsse aus Jerusalem<br \/>\nWilfried Gehr<br \/>\nOrganisationskomitee Allg\u00e4u Orient Rallye<br clear=\"all\" \/> <br clear=\"all\" \/><em>OK Allg\u00e4u-Orient, 2012-12-10 12:53:01<\/em><\/p>\n<div class=\"fcbkbttn_buttons_block\" id=\"fcbkbttn_left\"><div class=\"fcbkbttn_like \"><fb:like href=\"https:\/\/orient.scuderiagrischa.ch\/wordpress\/?page_id=517\" action=\"like\" colorscheme=\"light\" layout=\"button_count\"  size=\"small\"><\/fb:like><\/div><\/div>","protected":false},"excerpt":{"rendered":"<p>Wir haben es geschafft! Die Allg\u00e4u Orient Rallye 2013 wird als erste Sportveranstaltung \u00fcberhaupt \u00fcber Israel und Palestina nach Jordanien f\u00fchren. Die Zusagen und aktive Unterst\u00fctzung von h\u00f6chsten Vertretern Palestinas und Israels haben wir heute in Jerusalem bekommen. Weil wir zus\u00e4tzlich 2013 eine weitere &#8220;schwierige&#8221; Grenze von Nord Zypern ins griechische Zypern \u00fcberwinden, kann die &hellip; <a class=\"read-excerpt\" href=\"https:\/\/orient.scuderiagrischa.ch\/wordpress\/?page_id=517\">Weiterlesen <span class=\"meta-nav\">&raquo;<\/span><\/a><\/p>\n","protected":false},"author":6,"featured_media":0,"parent":18,"menu_order":5,"comment_status":"closed","ping_status":"closed","template":"","meta":[],"_links":{"self":[{"href":"https:\/\/orient.scuderiagrischa.ch\/wordpress\/index.php?rest_route=\/wp\/v2\/pages\/517"}],"collection":[{"href":"https:\/\/orient.scuderiagrischa.ch\/wordpress\/index.php?rest_route=\/wp\/v2\/pages"}],"about":[{"href":"https:\/\/orient.scuderiagrischa.ch\/wordpress\/index.php?rest_route=\/wp\/v2\/types\/page"}],"author":[{"embeddable":true,"href":"https:\/\/orient.scuderiagrischa.ch\/wordpress\/index.php?rest_route=\/wp\/v2\/users\/6"}],"replies":[{"embeddable":true,"href":"https:\/\/orient.scuderiagrischa.ch\/wordpress\/index.php?rest_route=%2Fwp%2Fv2%2Fcomments&post=517"}],"version-history":[{"count":5,"href":"https:\/\/orient.scuderiagrischa.ch\/wordpress\/index.php?rest_route=\/wp\/v2\/pages\/517\/revisions"}],"predecessor-version":[{"id":524,"href":"https:\/\/orient.scuderiagrischa.ch\/wordpress\/index.php?rest_route=\/wp\/v2\/pages\/517\/revisions\/524"}],"up":[{"embeddable":true,"href":"https:\/\/orient.scuderiagrischa.ch\/wordpress\/index.php?rest_route=\/wp\/v2\/pages\/18"}],"wp:attachment":[{"href":"https:\/\/orient.scuderiagrischa.ch\/wordpress\/index.php?rest_route=%2Fwp%2Fv2%2Fmedia&parent=517"}],"curies":[{"name":"wp","href":"https:\/\/api.w.org\/{rel}","templated":true}]}}