{"id":529,"date":"2012-12-13T09:04:31","date_gmt":"2012-12-13T08:04:31","guid":{"rendered":"http:\/\/orient.scuderiagrischa.ch\/wordpress\/?page_id=529"},"modified":"2013-04-19T07:34:22","modified_gmt":"2013-04-19T05:34:22","slug":"karte","status":"publish","type":"page","link":"https:\/\/orient.scuderiagrischa.ch\/wordpress\/?page_id=529","title":{"rendered":"Die Route"},"content":{"rendered":"<p style=\"text-align: left;\">Grunds\u00e4tzlich kann jedes Team den Weg w\u00e4hlen den es will solange die Rahmenbedingungen eingehalten werden (keine Autobahn, kein GPS verwenden).<\/p>\n<table style=\"width: 664px; height: 1007px;\" border=\"0\" align=\"left\">\n<tbody>\n<tr>\n<td>In Schwarz der Routenvorschlag des Organisationskommittes f\u00fcr 2013:<a href=\"http:\/\/orient.scuderiagrischa.ch\/wordpress\/wp-content\/uploads\/2013\/03\/Route_neu.jpg\"><img loading=\"lazy\" class=\"alignleft size-large wp-image-1138\" alt=\"Route_neu\" src=\"http:\/\/orient.scuderiagrischa.ch\/wordpress\/wp-content\/uploads\/2013\/03\/Route_neu-1024x648.jpg\" width=\"652\" height=\"412\" srcset=\"https:\/\/orient.scuderiagrischa.ch\/wordpress\/wp-content\/uploads\/2013\/03\/Route_neu-1024x648.jpg 1024w, https:\/\/orient.scuderiagrischa.ch\/wordpress\/wp-content\/uploads\/2013\/03\/Route_neu-300x189.jpg 300w, https:\/\/orient.scuderiagrischa.ch\/wordpress\/wp-content\/uploads\/2013\/03\/Route_neu.jpg 1370w\" sizes=\"(max-width: 652px) 100vw, 652px\" \/><\/a><\/td>\n<\/tr>\n<tr>\n<td>\n<h2>Etappenziele<\/h2>\n<p><b>VORL\u00c4UFIGER ZEITPLAN &#8211; STAND April 2013<\/b><\/p>\n<p>&nbsp;<\/p>\n<table>\n<tbody>\n<tr>\n<td>16.03.13<\/td>\n<td>Teampr\u00e4sentation in Oberstaufen-Steibis (erledigt)<\/td>\n<\/tr>\n<tr>\n<td><strong>26.04.13<\/strong><\/td>\n<td><strong>Einschreibung und Vorstartparty (Fr\/Sa. \u00dcbernachtung mit Fan Club in Pronten)<\/strong><\/td>\n<\/tr>\n<tr>\n<td>27.04.13<\/td>\n<td>Start in Oberstaufen ab 08:00<\/td>\n<\/tr>\n<tr>\n<td>29.04.13 bis 02.05.13<\/td>\n<td>Ankunft an der blauen Moschee incl. Rallyeaufgabe auf der Burg am Bosporus (Ankunft der ScuderiaGRischa am 1.5.2013)<\/td>\n<\/tr>\n<tr>\n<td>03.05.12<\/td>\n<td>gegen 10 Uhr Start an der blauen Moschee und Fahrt zum Rallye Platz auf der asiatischen Seite. Nach Einweihung Fahrt zur Rennstrecke. Am Abend in ANKARA<\/td>\n<\/tr>\n<tr>\n<td>04.05.13<\/td>\n<td>Corum<\/td>\n<\/tr>\n<tr>\n<td>05.05.13<\/td>\n<td>Amasya<\/td>\n<\/tr>\n<tr>\n<td>06.05.13<\/td>\n<td>Chinesenrallye und Fahrt bis Ordu<\/td>\n<\/tr>\n<tr>\n<td>07.05.13<\/td>\n<td>Fahrt \u00fcber die Berge zum Bergsee in Kars<\/td>\n<\/tr>\n<tr>\n<td>08.05.13<\/td>\n<td>Karahan<\/td>\n<\/tr>\n<tr>\n<td>09.05.13<\/td>\n<td>Irgendwo zwischen Ararat und Kapadokien<\/td>\n<\/tr>\n<tr>\n<td>10.05.13<\/td>\n<td>Ankunft am Abend in Kapatokien<\/td>\n<\/tr>\n<tr>\n<td>11.05.13<\/td>\n<td>Kapatokien-Rundfahrt und anschlie\u00dfend Fahrt zur F\u00e4hre<\/td>\n<\/tr>\n<tr>\n<td>12.05.13<\/td>\n<td>Abfahrt der F\u00e4hre in Iskenderun sp\u00e4testens um 17:00 Uhr am 12.5.13 \u00a0 Die F\u00e4hre wird nicht die Bridge sondern wohl Nissos Rodos<\/td>\n<\/tr>\n<tr>\n<td>13.05.13<\/td>\n<td>Ankunft in Israel (Haifa)<\/td>\n<\/tr>\n<tr>\n<td>14.05.13<\/td>\n<td>Jerusalem, vielleicht Bethlehem<\/td>\n<\/tr>\n<tr>\n<td>15.05.13<\/td>\n<td>\u00dcberquerung der Grenze nahe Eilat nach Aqaba, Jordanien,<\/td>\n<\/tr>\n<tr>\n<td>16.05.13<\/td>\n<td>Ruhetag in Aquaba<\/td>\n<\/tr>\n<tr>\n<td>17.05.13<\/td>\n<td>Fahrt ins W\u00fcstencamp, W\u00fcstenpr\u00fcfung und Siegerehrung<\/td>\n<\/tr>\n<tr>\n<td><strong>18.05.13<\/strong><\/td>\n<td><strong>R\u00fcckflug f\u00fcr Sandro und Adrian nach Milano<\/strong><\/td>\n<\/tr>\n<tr>\n<td>19.05.13<\/td>\n<td>Besuch Wadi Rum und Petra<\/td>\n<\/tr>\n<tr>\n<td>20.05.13<\/td>\n<td>Fahrt durch Jordanien nach Ammann<\/td>\n<\/tr>\n<tr>\n<td><strong>21.05.13<\/strong><\/td>\n<td><strong>R\u00fcckflug f\u00fcr den Rest via Genf and Z\u00fcrich<\/strong><\/td>\n<\/tr>\n<\/tbody>\n<\/table>\n<p>&nbsp;<\/td>\n<\/tr>\n<\/tbody>\n<\/table>\n<p style=\"text-align: left;\"><span style=\"font-size: small;\">\u00a0<\/span><\/p>\n<p>&nbsp;<\/p>\n<p>&nbsp;<\/p>\n<div class=\"fcbkbttn_buttons_block\" id=\"fcbkbttn_left\"><div class=\"fcbkbttn_like \"><fb:like href=\"https:\/\/orient.scuderiagrischa.ch\/wordpress\/?page_id=529\" action=\"like\" colorscheme=\"light\" layout=\"button_count\"  size=\"small\"><\/fb:like><\/div><\/div>","protected":false},"excerpt":{"rendered":"<p>Grunds\u00e4tzlich kann jedes Team den Weg w\u00e4hlen den es will solange die Rahmenbedingungen eingehalten werden (keine Autobahn, kein GPS verwenden). In Schwarz der Routenvorschlag des Organisationskommittes f\u00fcr 2013: Etappenziele VORL\u00c4UFIGER ZEITPLAN &#8211; STAND April 2013 &nbsp; 16.03.13 Teampr\u00e4sentation in Oberstaufen-Steibis (erledigt) 26.04.13 Einschreibung und Vorstartparty (Fr\/Sa. \u00dcbernachtung mit Fan Club in Pronten) 27.04.13 Start in &hellip; <a class=\"read-excerpt\" href=\"https:\/\/orient.scuderiagrischa.ch\/wordpress\/?page_id=529\">Weiterlesen <span class=\"meta-nav\">&raquo;<\/span><\/a><\/p>\n","protected":false},"author":2,"featured_media":0,"parent":0,"menu_order":5,"comment_status":"closed","ping_status":"closed","template":"template-twocol_left.php","meta":[],"_links":{"self":[{"href":"https:\/\/orient.scuderiagrischa.ch\/wordpress\/index.php?rest_route=\/wp\/v2\/pages\/529"}],"collection":[{"href":"https:\/\/orient.scuderiagrischa.ch\/wordpress\/index.php?rest_route=\/wp\/v2\/pages"}],"about":[{"href":"https:\/\/orient.scuderiagrischa.ch\/wordpress\/index.php?rest_route=\/wp\/v2\/types\/page"}],"author":[{"embeddable":true,"href":"https:\/\/orient.scuderiagrischa.ch\/wordpress\/index.php?rest_route=\/wp\/v2\/users\/2"}],"replies":[{"embeddable":true,"href":"https:\/\/orient.scuderiagrischa.ch\/wordpress\/index.php?rest_route=%2Fwp%2Fv2%2Fcomments&post=529"}],"version-history":[{"count":33,"href":"https:\/\/orient.scuderiagrischa.ch\/wordpress\/index.php?rest_route=\/wp\/v2\/pages\/529\/revisions"}],"predecessor-version":[{"id":534,"href":"https:\/\/orient.scuderiagrischa.ch\/wordpress\/index.php?rest_route=\/wp\/v2\/pages\/529\/revisions\/534"}],"wp:attachment":[{"href":"https:\/\/orient.scuderiagrischa.ch\/wordpress\/index.php?rest_route=%2Fwp%2Fv2%2Fmedia&parent=529"}],"curies":[{"name":"wp","href":"https:\/\/api.w.org\/{rel}","templated":true}]}}