{"id":743,"date":"2013-01-27T14:25:15","date_gmt":"2013-01-27T13:25:15","guid":{"rendered":"http:\/\/orient.scuderiagrischa.ch\/wordpress\/?page_id=743"},"modified":"2013-03-30T14:20:29","modified_gmt":"2013-03-30T13:20:29","slug":"konzept-der-rallye-und-regeln","status":"publish","type":"page","link":"https:\/\/orient.scuderiagrischa.ch\/wordpress\/?page_id=743","title":{"rendered":"Konzept der Rallye und Regeln"},"content":{"rendered":"<h2><a href=\"http:\/\/orient.scuderiagrischa.ch\/wordpress\/wp-content\/uploads\/2013\/01\/Rally-Motto.jpg\"><img loading=\"lazy\" class=\"size-medium wp-image-745 alignnone\" alt=\"Rally Motto\" src=\"http:\/\/orient.scuderiagrischa.ch\/wordpress\/wp-content\/uploads\/2013\/01\/Rally-Motto-300x222.jpg\" width=\"300\" height=\"222\" srcset=\"https:\/\/orient.scuderiagrischa.ch\/wordpress\/wp-content\/uploads\/2013\/01\/Rally-Motto-300x222.jpg 300w, https:\/\/orient.scuderiagrischa.ch\/wordpress\/wp-content\/uploads\/2013\/01\/Rally-Motto-1024x757.jpg 1024w, https:\/\/orient.scuderiagrischa.ch\/wordpress\/wp-content\/uploads\/2013\/01\/Rally-Motto.jpg 1197w\" sizes=\"(max-width: 300px) 100vw, 300px\" \/><\/a><\/h2>\n<h2>Konzept<\/h2>\n<p>Eines der letzten automobilen Abenteuer dieser Welt, die Old- und Youngtimerrallye vom Allg\u00e4u in den Orient startet am\u00a0<strong>28. April 2013<\/strong>\u00a0zum\u00a0<strong>achten\u00a0Mal<\/strong>\u00a0in Oberstaufen.<br \/>\nSie ist auch 2013 die &#8220;Low Budget Rallye&#8221; f\u00fcr Leute, die das kalkulierbare Abenteuer suchen. Sie ist eine zahlbare Alternative zu den f\u00fcr den Normalb\u00fcrger oft unbezahlbaren anderen Rallyes f\u00fcr Menschen, die ein wenig positiv verr\u00fcckt sind und f\u00fcr starke Teams.<\/p>\n<p>Bei der Allg\u00e4u-Orient-Rallye werden nur Fahrzeuge zugelassen, die mindestens 20 Jahre alt und stra\u00dfentauglich sind. J\u00fcngere Fahrzeuge d\u00fcrfen nur mit, wenn sie weniger als 1111,11 Euro wert sind. Anfangs waren nur Automobile zugelassen. Nachdem zwischenzeitlich auch Motorradfahrer teilnehmen wollen wurde dies erm\u00f6glicht. Auch Motorr\u00e4der m\u00fcssen 20 Jahre alt sein. Wenn j\u00fcngere Motorr\u00e4der mitgenommen werden, d\u00fcrfen die pro ccm nicht mehr als 11,11 Euro wert sein. (Schwacke-Liste und\/oder Mobile.de Preisspiegel und vor dem Start T\u00fcV S\u00fcd Ingenieur sind ma\u00dfgeblich!). <br clear=\"all\" \/> <img loading=\"lazy\" alt=\"Deutschland\" src=\"http:\/\/www.allgaeu-orient.de\/images\/map\/germany.gif\" width=\"75\" height=\"100\" align=\"left\" border=\"0\" hspace=\"5\" vspace=\"5\" \/> <img loading=\"lazy\" alt=\"Jordanien\" src=\"http:\/\/www.allgaeu-orient.de\/images\/map\/jordan.gif\" width=\"38\" height=\"40\" align=\"right\" border=\"0\" hspace=\"5\" vspace=\"5\" \/><\/p>\n<p><span style=\"text-decoration: underline;\">Hintergr\u00fcnde:<\/span><\/p>\n<p>Dank guten Freunden, insbesondere <i>Sakher el Fayez<\/i>, in Jordanien war das Ziel der Allg\u00e4u-Orient-Rallye von Anfang an klar: <b>Amman<\/b> in Jordanien.<\/p>\n<p>\u00dcber den Startort wurde auch nicht lange verhandelt: <b>Oberstaufen<\/b>, weil dort die Ideengeber leben und weil dort die Gemeinde und die Menschen auch f\u00fcr ausgefallene Dinge offen sind. Au\u00dferdem ist hier mit der Fahnensektion Oberstaufen einen toller Verei, der den Organisatoren mit der Durchf\u00fchrung des Vorstartfest eine Menge an Arbeit abnimmt.<\/p>\n<p>Aufgrund der politischen Situation in Syrien wurde die Rallye 2011 \u201eausgebremst\u201c. Einreisewarnungen und die Vernunft haben eine Einreise nach Jordanien \u201e\u00fcber Land\u201c ausgeschlossen. Eine Umschiffung Syriens \u00fcber \u00c4gypten ist kurz vor dem Ziel an Beh\u00f6rden (haupts\u00e4chlich Deutsche Botschaft in Kairo)und der instabilen Lage in \u00c4gypten gescheitert. Deshalb musste die Rallye in der T\u00fcrkei beendet werden.<\/p>\n<p>Weil die politische Situation nach wie vor kritisch ist, kann auch 2012 das Rallyeziel nicht in Jordanien sein. Baku am Kaspisches Meer ist sicher eine tolle Alternative.<\/p>\n<p>Sobald wieder Frieden herrscht wird Jordanien wieder das Rallyeziel sein.<\/p>\n<p>Erster Preis f\u00fcr die Allg\u00e4u-Orient-Rallye ist traditionsgem\u00e4\u00df ein echtes Kamel!!!<\/p>\n<p>Bisher haben die Gewinner ihr Kamel immer einem jungen Beduinen oder Farmer \u00fcbergeben und somit einem armen Menschen eine Existenzgrundlage geschaffen.<\/p>\n<p>Wenn es ein Team nat\u00fcrlich trotzdem schaffen sollte, alle rechtlichen H\u00fcrden zu meistern, und dem Tier eine artgerechte Heimat bietet, steht Ausreise nichts im Wege.<\/p>\n<h2>Regeln<\/h2>\n<p>Die Veranstaltung ist eine Rallye und soll kein Rennen sein. Es gelten (wie bei jeder Rallye) bis auf einige Sonderpr\u00fcfungen die Regeln der Stra\u00dfenverkehrsordnungen.<\/p>\n<p>Autobahnen und Mautstra\u00dfen tabu.<\/p>\n<p>Navigationssysteme sind nicht erlaubt.<\/p>\n<p>\u00dcbernachtet werden darf nur in mitgenommenen Zelten, im Auto oder in Unterk\u00fcnften, die im Schnitt nicht mehr als 11,11 Euro pro Nacht und Person kosten.<\/p>\n<div>\n<ul>\n<li>Die Streckenwahl liegt bei jedem Team selbst. Grunds\u00e4tzlich gilt freie Streckenwahl.<\/li>\n<li>Genutzt werden d\u00fcrfen alle Stra\u00dfen, allerdings keine Autobahnen und Mautstrecken, soweit dies nicht ausdr\u00fccklich erlaubt ist. (z.B. unmittelbar vor Grenzen &#8211; dort gibt es manchmal nur die Autobahn)<\/li>\n<li>Bestimmte Etappenorte m\u00fcssen zur Erf\u00fcllung von Sonderpr\u00fcfungen angefahren werden. Dies ist alles im Roadbook geregelt!<\/li>\n<li>Es werden Aufgaben in den durchreisten L\u00e4ndern zu erledigen sein.<\/li>\n<li>T\u00e4glich d\u00fcrfen im Schnitt nicht mehr als 666 Kilometer zur\u00fcckgelegt werden. 555 Km sollten es aber wegen der L\u00e4nge der Strecke schon sein.<\/li>\n<li>Das Maximalbudget f\u00fcr die \u00dcbernachtung pro Person und Nacht liegt im Rallyeschnitt bei 11,11 Euro.<\/li>\n<li>Es wird Sonderpr\u00fcfungen geben. Diese sind alle im Roadbook, das jedes Team am Start bekommt, beschrieben.<\/li>\n<li>Die Auswertung der Sonderpr\u00fcfungen, L\u00f6sungsb\u00fccher und Sonderaufgaben obliegt der Rallyeleitung.<\/li>\n<li>Entscheidungen im Zusammenhang mit der Auswertung sind wie bei Schiedsrichterentscheidungen im Fu\u00dfball \u201eTatsachenentscheidungen\u201c. Widerspr\u00fcche und Proteste sind ausgeschlossen. Beschimpfungen und Beleidigungen unerw\u00fcnscht, Der Gerichtsweg ist daher ausgeschlossen.<\/li>\n<li>Pass, Visa, Versicherungen und andere organisatorischen Dinge m\u00fcssen von jedem Teilnehmer selbst organisiert (und bezahlt) werden.<\/li>\n<\/ul>\n<h2>Aufgaben<\/h2>\n<p>Noch kennen wir nicht alle Aufgaben, ein paar wurden aber schon angek\u00fcndigt:<\/p>\n<ul>\n<li>Jedes Team muss ein Musikinstrument zum Start mitbringen. Damit nicht alle eine Blockfl\u00f6te oder Mundharmonika mitbringen, muss das Instrument am Start abgegeben werden und es wird ein anderes zugelost (Fl\u00fcgel und Kirchenorgeln wurden als nicht transportabel eingestuft, alles andere schon!). Auf der Fahrt nach Istambul muss eines der Teammitglieder dieses Instrument noch spielen lernen, sodass dort ein gemeinsames Konzert gegeben werden kann. Anschliessend werden die Instrumente traditionell einer Musikschule in Bergkarabach (da f\u00fchrt die Rallye auch durch) gespendet.<\/li>\n<li>Jedes Team muss einen Baum mit Gedenktafel mitbringen. Die B\u00e4ume werden im Rahmen einer festlichen Namenstaufes\u00a0 einesParks in Instambul eingepflanzt.<\/li>\n<li>Es werden noch 333 Bobby-Cars gesucht und es gibt eine Special auf der F1-Piste in der T\u00fcrkei<\/li>\n<li>sobald wir das Roadbook haben wissen wir mehr ..<\/li>\n<\/ul>\n<p>&nbsp;<\/p>\n<p>&nbsp;<\/p>\n<\/div>\n<div class=\"fcbkbttn_buttons_block\" id=\"fcbkbttn_left\"><div class=\"fcbkbttn_like \"><fb:like href=\"https:\/\/orient.scuderiagrischa.ch\/wordpress\/?page_id=743\" action=\"like\" colorscheme=\"light\" layout=\"button_count\"  size=\"small\"><\/fb:like><\/div><\/div>","protected":false},"excerpt":{"rendered":"<p>Konzept Eines der letzten automobilen Abenteuer dieser Welt, die Old- und Youngtimerrallye vom Allg\u00e4u in den Orient startet am\u00a028. April 2013\u00a0zum\u00a0achten\u00a0Mal\u00a0in Oberstaufen. Sie ist auch 2013 die &#8220;Low Budget Rallye&#8221; f\u00fcr Leute, die das kalkulierbare Abenteuer suchen. Sie ist eine zahlbare Alternative zu den f\u00fcr den Normalb\u00fcrger oft unbezahlbaren anderen Rallyes f\u00fcr Menschen, die ein &hellip; <a class=\"read-excerpt\" href=\"https:\/\/orient.scuderiagrischa.ch\/wordpress\/?page_id=743\">Weiterlesen <span class=\"meta-nav\">&raquo;<\/span><\/a><\/p>\n","protected":false},"author":1,"featured_media":0,"parent":18,"menu_order":0,"comment_status":"closed","ping_status":"closed","template":"","meta":[],"_links":{"self":[{"href":"https:\/\/orient.scuderiagrischa.ch\/wordpress\/index.php?rest_route=\/wp\/v2\/pages\/743"}],"collection":[{"href":"https:\/\/orient.scuderiagrischa.ch\/wordpress\/index.php?rest_route=\/wp\/v2\/pages"}],"about":[{"href":"https:\/\/orient.scuderiagrischa.ch\/wordpress\/index.php?rest_route=\/wp\/v2\/types\/page"}],"author":[{"embeddable":true,"href":"https:\/\/orient.scuderiagrischa.ch\/wordpress\/index.php?rest_route=\/wp\/v2\/users\/1"}],"replies":[{"embeddable":true,"href":"https:\/\/orient.scuderiagrischa.ch\/wordpress\/index.php?rest_route=%2Fwp%2Fv2%2Fcomments&post=743"}],"version-history":[{"count":6,"href":"https:\/\/orient.scuderiagrischa.ch\/wordpress\/index.php?rest_route=\/wp\/v2\/pages\/743\/revisions"}],"predecessor-version":[{"id":1059,"href":"https:\/\/orient.scuderiagrischa.ch\/wordpress\/index.php?rest_route=\/wp\/v2\/pages\/743\/revisions\/1059"}],"up":[{"embeddable":true,"href":"https:\/\/orient.scuderiagrischa.ch\/wordpress\/index.php?rest_route=\/wp\/v2\/pages\/18"}],"wp:attachment":[{"href":"https:\/\/orient.scuderiagrischa.ch\/wordpress\/index.php?rest_route=%2Fwp%2Fv2%2Fmedia&parent=743"}],"curies":[{"name":"wp","href":"https:\/\/api.w.org\/{rel}","templated":true}]}}