{"id":822,"date":"2013-03-15T06:19:50","date_gmt":"2013-03-15T05:19:50","guid":{"rendered":"http:\/\/orient.scuderiagrischa.ch\/wordpress\/?page_id=822"},"modified":"2013-03-17T16:53:45","modified_gmt":"2013-03-17T15:53:45","slug":"8-rundmail-an-rallyeteams-2013-gps-tracking","status":"publish","type":"page","link":"https:\/\/orient.scuderiagrischa.ch\/wordpress\/?page_id=822","title":{"rendered":"8. Rundmail an Rallyeteams 2013 &#8211; GPS-Tracking"},"content":{"rendered":"<p>&nbsp;<\/p>\n<p>&nbsp;<\/p>\n<div align=\"center\">\n<table style=\"width: 700px;\" border=\"0\" cellspacing=\"0\" cellpadding=\"0\">\n<tbody>\n<tr>\n<td width=\"10\"><\/td>\n<td valign=\"top\">\n<table style=\"width: 680px;\" border=\"0\" cellspacing=\"0\" cellpadding=\"0\">\n<tbody>\n<tr>\n<td colspan=\"2\"><\/td>\n<\/tr>\n<\/tbody>\n<\/table>\n<p><a href=\"http:\/\/orient.scuderiagrischa.ch\/wordpress\/wp-content\/uploads\/2012\/12\/allgaeu-orient-logo.jpg\"><img loading=\"lazy\" title=\"allgaeu-orient logo\" alt=\"\" src=\"http:\/\/orient.scuderiagrischa.ch\/wordpress\/wp-content\/uploads\/2012\/12\/allgaeu-orient-logo.jpg\" width=\"700\" height=\"133\" \/><\/a><\/p>\n<table style=\"width: 680px;\" border=\"0\" cellspacing=\"0\" cellpadding=\"0\">\n<tbody>\n<tr>\n<td>\n<h1>1. Allgemeines<\/h1>\n<p>Wie bereits in einem vorangegangenen Rundmail angek\u00fcndigt, bieten wir allen teilnehmenden Teams der Rallye 2013 eine Technik an, damit Eure Familienangeh\u00f6rige, Freunde, Fans und Sponsoren Eure Fahrt nach Jordanien live mit verfolgen zu k\u00f6nnen.<\/p>\n<p>Die 2012 eingesetzte Technik GPS LIVE TRACKING (<a href=\"http:\/\/newsletter.allgaeu-orient.de\/index.php?id=25&amp;rid=t_7030&amp;mid=29&amp;aC=780803f4&amp;jumpurl=1\">www.gps-live-tracking.com<\/a>) unserer Webmaster IMIA net based solutions hat super funktioniert und wird auch in diesem Jahr daf\u00fcr sorgen, dass w\u00e4hrend der ganzen Rallye auch zuhause vor dem Bildschirm absolute Hochspannung herrschen wird!<\/p>\n<p>Wir m\u00f6chten hier aber klar zum Ausdruck bringen, dass kein Team diese Technik einsetzen muss! Es geht uns hier nicht um &#8220;Big Brother&#8221; oder \u00dcberwachung, wir m\u00f6chten Euch mit dieser bew\u00e4hrten Technik die M\u00f6glichkeit bieten, alle Eure Fans an Eurem Abenteuer ein St\u00fcck weit teilhaben zu lassen.<\/p>\n<p>Leider k\u00f6nnen die Jungs von IMIA bl\u00f6derweise bei der Teampr\u00e4sentation am Samstag nicht teilnehmen, was sehr schade ist. Ist aber nicht schlimm, uns wird&#8217;s deshalb sicherlich nicht langweilig werden!\u00a0Die sollen lieber zuschauen, dass die neue Webseite endlich fertig wird!!!<\/p>\n<p>Wir bauen aber speziell zum Thema GPS LIVE TRACKING in K\u00fcrze eine eigene FAQ-Seite auf, auf der alle wichtigen Informationen zu diesem Thema stehen, damit sollten keine Fragen offen bleiben.<br \/>\nFalls doch noch Fragen auftauchen, schreibt einfach eine E-MAIL an <a href=\"mailto:tracking@imia.de\">tracking@imia.de<\/a> (nicht gleich anrufen, die m\u00fcssen programmieren!!!), die Jungs antworten immer recht prompt.<\/p>\n<h1>2. Technik<\/h1>\n<p>Die SPOT2 GPS-Ger\u00e4te arbeiten ja rein satellitengest\u00fctzt, d.h. es kommen KEINE Roaming-Geb\u00fchren hinzu und die Ger\u00e4te arbeiten auch zuverl\u00e4ssig in Gebieten, wo kein Handy-Empfang geboten ist. Somit sind die Ger\u00e4te auch hinsichtlich Sicherheit ein wichtiger Baustein.<br \/>\nDie SPOT2 halten mit einem Batteriesatz (3x AAA Hochleistungsbatterien), der beim Ger\u00e4t dabei ist, ca. 7 Tage. Wir empfehlen 2 weitere Batteries\u00e4tze mit auf die Rallye mitzunehmen, diese k\u00f6nnen \u00fcber die Homepage kosteng\u00fcnstig bestellt werden.<\/p>\n<h1>3. Preise f\u00fcrs GPS-Tracking<\/h1>\n<p>Wie bereits kommuniziert kostet das Leihen der Tracker und Nutzung der Tracking-Seite w\u00e4hrend der Rallye 99,99 EUR, d.h. wir bekommen den Service zum gleichen Preis wie vergangenes Jahr, was bei st\u00e4ndig steigenden Preisen doch sehr erfreulich ist! Daf\u00fcr bekommt Ihr die Ger\u00e4te am TAG DER EINSCHREIBUNG komplett vorkonfiguriert ausgeh\u00e4ndigt und k\u00f6nnt Eure Team-Tracks auch auf einer eigenen Homepage einbinden. Anleitung dazu folgt!<\/p>\n<p>Falls das ein- oder andere Team bereits mit dem Gedanken gespielt hat, einen Tracker selbst anzuschaffen, haben wir folgende Spezialpreise mit der Firma WeSPOT (<a href=\"http:\/\/newsletter.allgaeu-orient.de\/index.php?id=25&amp;rid=t_7030&amp;mid=29&amp;aC=780803f4&amp;jumpurl=3\">www.wespot.de<\/a>, <a href=\"mailto:info@wespot.de\">info@wespot.de<\/a>), die die Ger\u00e4te zur Verf\u00fcgung stellt, ausgehandelt:<\/p>\n<ul>\n<li>SPOT2 gebraucht, inkl. Aktivierung f\u00fcr 1 Jahr: 177,77 EUR (inkl. MwSt.)<\/li>\n<li>SPOT2 neu, inkl. Aktivierung f\u00fcr 1 Jahr: 233,33 EUR (inkl. MwSt. das ist ein absoluter Kampfpreis, kostet normalerweise fast 300,&#8211; EUR!!!)<\/li>\n<\/ul>\n<p>Wir werden daf\u00fcr in K\u00fcrze auf der neuen Webseite eine Bestellseite vorbereiten, wo Ihr Eure Tracker f\u00fcr die Rallye ordern oder zur Miete reservieren k\u00f6nnt.<\/p>\n<p>Soviel mal zum Thema GPS, viele Gr\u00fc\u00dfe aus Stuttgart und Oberstaufen,<\/p>\n<p>Gunter &amp; die GPS LIVE TRACKER von IMIA, Wilfried und das OK.<\/td>\n<\/tr>\n<\/tbody>\n<\/table>\n<\/td>\n<td width=\"10\"><\/td>\n<\/tr>\n<\/tbody>\n<\/table>\n<\/div>\n<p>&nbsp;<\/p>\n<div class=\"fcbkbttn_buttons_block\" id=\"fcbkbttn_left\"><div class=\"fcbkbttn_like \"><fb:like href=\"https:\/\/orient.scuderiagrischa.ch\/wordpress\/?page_id=822\" action=\"like\" colorscheme=\"light\" layout=\"button_count\"  size=\"small\"><\/fb:like><\/div><\/div>","protected":false},"excerpt":{"rendered":"<p>&nbsp; &nbsp; 1. Allgemeines Wie bereits in einem vorangegangenen Rundmail angek\u00fcndigt, bieten wir allen teilnehmenden Teams der Rallye 2013 eine Technik an, damit Eure Familienangeh\u00f6rige, Freunde, Fans und Sponsoren Eure Fahrt nach Jordanien live mit verfolgen zu k\u00f6nnen. Die 2012 eingesetzte Technik GPS LIVE TRACKING (www.gps-live-tracking.com) unserer Webmaster IMIA net based solutions hat super funktioniert &hellip; <a class=\"read-excerpt\" href=\"https:\/\/orient.scuderiagrischa.ch\/wordpress\/?page_id=822\">Weiterlesen <span class=\"meta-nav\">&raquo;<\/span><\/a><\/p>\n","protected":false},"author":1,"featured_media":0,"parent":18,"menu_order":9,"comment_status":"closed","ping_status":"closed","template":"","meta":[],"_links":{"self":[{"href":"https:\/\/orient.scuderiagrischa.ch\/wordpress\/index.php?rest_route=\/wp\/v2\/pages\/822"}],"collection":[{"href":"https:\/\/orient.scuderiagrischa.ch\/wordpress\/index.php?rest_route=\/wp\/v2\/pages"}],"about":[{"href":"https:\/\/orient.scuderiagrischa.ch\/wordpress\/index.php?rest_route=\/wp\/v2\/types\/page"}],"author":[{"embeddable":true,"href":"https:\/\/orient.scuderiagrischa.ch\/wordpress\/index.php?rest_route=\/wp\/v2\/users\/1"}],"replies":[{"embeddable":true,"href":"https:\/\/orient.scuderiagrischa.ch\/wordpress\/index.php?rest_route=%2Fwp%2Fv2%2Fcomments&post=822"}],"version-history":[{"count":4,"href":"https:\/\/orient.scuderiagrischa.ch\/wordpress\/index.php?rest_route=\/wp\/v2\/pages\/822\/revisions"}],"predecessor-version":[{"id":825,"href":"https:\/\/orient.scuderiagrischa.ch\/wordpress\/index.php?rest_route=\/wp\/v2\/pages\/822\/revisions\/825"}],"up":[{"embeddable":true,"href":"https:\/\/orient.scuderiagrischa.ch\/wordpress\/index.php?rest_route=\/wp\/v2\/pages\/18"}],"wp:attachment":[{"href":"https:\/\/orient.scuderiagrischa.ch\/wordpress\/index.php?rest_route=%2Fwp%2Fv2%2Fmedia&parent=822"}],"curies":[{"name":"wp","href":"https:\/\/api.w.org\/{rel}","templated":true}]}}